{"id":3074,"date":"2017-06-05T07:33:09","date_gmt":"2017-06-05T07:33:09","guid":{"rendered":"https:\/\/themes.themegoods.com\/grandspa\/demo\/?page_id=3074"},"modified":"2026-03-11T14:54:48","modified_gmt":"2026-03-11T13:54:48","slug":"uber-mich","status":"publish","type":"page","link":"https:\/\/klarasfusspflege.com\/en\/uber-mich\/","title":{"rendered":"\u00dcber mich"},"content":{"rendered":"<div  class=\"one withsmallpadding ppb_header\" style=\"text-align:center;padding:60px 0 60px 0;\" >\n<div class=\"standard_wrapper\">\n<div class=\"page_content_wrapper wide\">\n<div class=\"inner\">\n<div style=\"margin:auto;width:90%\">\n<h2 class=\"widgettitle\" style=\"\">MEIN VERSPRECHEN<\/h2>\n<div class=\"ppb_header_content\">\n<h3 style=\"font-weight:300;\">\u201cF\u00fcr mich steht Ihre Fu\u00dfgesundheit an erster Stelle. Ich nehme mir Zeit f\u00fcr jede Behandlung und arbeite mit gr\u00f6\u00dfter Sorgfalt, Pr\u00e4zision und h\u00f6chsten Hygienestandards. Mein Ziel ist es, Beschwerden zu lindern und Ihnen bei jedem Schritt ein sicheres und gutes Gef\u00fchl zu geben.\u201d<\/h3>\n<\/div>\n<\/div>\n<\/div>\n<\/div>\n<\/div>\n<\/div>\n<div  class=\"one\" style=\"margin-bottom:30px;\" >\n<div class=\"standard_wrapper\">\n<div class=\"page_content_wrapper wide\">\n<div class=\"inner\">\n<div class=\"one_half\">\n<div class=\"image_classic_frame expand\">\n<div class=\"image_wrapper\"><a href=\"https:\/\/klarasfusspflege.com\/wp-content\/uploads\/2026\/03\/Untitled-design-1.png\" class=\"img_frame\"><img decoding=\"async\" src=\"https:\/\/klarasfusspflege.com\/wp-content\/uploads\/2026\/03\/Untitled-design-1.png\" alt=\"\" class=\"portfolio_img parallax_text\"\/><\/a><\/div>\n<\/div>\n<\/div>\n<div class=\"one_half last content_middle\" style=\"padding:40px;\">\n<h2 class=\"ppb_title\" style=\"\">Ich bin Klara<\/h2>\n<div class=\"ppb_header_content\">\n<p>Als Inhaberin und zertifizierte Fu\u00dfpflegerin begleite ich Sie pers\u00f6nlich und mit viel Einf\u00fchlungsverm\u00f6gen. Meine Spezialisierung liegt in der medizinischen Fu\u00dfpflege, bei der Pr\u00e4zision, Hygiene und individuelle Betreuung im Mittelpunkt stehen.<\/p>\n<p>Jede Behandlung wird sorgf\u00e4ltig auf Ihre Bed\u00fcrfnisse abgestimmt \u2013 f\u00fcr gesunde F\u00fc\u00dfe, nachhaltige Ergebnisse und ein rundum gutes Gef\u00fchl.<\/p>\n<\/div>\n<\/div>\n<p><br class=\"clear\"\/><\/div>\n<\/div>\n<\/div>\n<\/div>\n<div class=\"standard_wrapper\">\n<div class=\"one withsmallpadding ppb_line_divider\"  style=\"text-align:center;padding:0px 0 0px 0;\" >\n<div class=\"page_content_wrapper wide\">\n<div class=\"inner\">\n<div class=\"line_divider_border\" style=\"width:100px;border-color:#e1e1e1;\"><\/div>\n<div class=\"line_divider_seperator\"><i class=\"fa fa-leaf\" style=\"color:#efa697;\"><\/i><\/div>\n<div class=\"line_divider_border\" style=\"width:100px;border-color:#e1e1e1;\"><\/div>\n<\/div>\n<\/div>\n<\/div>\n<\/div>\n<div class=\"standard_wrapper\">\n<div  class=\"one_half withsmallpadding ppb_header\" style=\"text-align:left;padding:60px 0 60px 0;\" >\n<div class=\"page_content_wrapper wide\">\n<div class=\"inner\">\n<div style=\"margin:auto;width:100%\">\n<h2 class=\"widgettitle\" style=\"\">PREISE &amp; LEISTUNGEN<\/h2>\n<div class=\"ppb_header_content\"><img loading=\"lazy\" decoding=\"async\" src=\"https:\/\/klarasfusspflege.com\/wp-content\/uploads\/2026\/02\/About-us-pricing.png\" alt=\"\" width=\"1024\" height=\"569\" class=\"theme_radius alignnone size-large wp-image-3078\" \/> <\/p>\n<p>Transparente Preise und individuelle Behandlungen stehen bei uns im Mittelpunkt. Informieren Sie sich \u00fcber unsere medizinische Fu\u00dfpflege, Wellness-Anwendungen und Zusatzleistungen.<\/p>\n<p><a class=\"readmore\" href=\"https:\/\/klarasfusspflege.com\/en\/preise-leistungen-2\/\">Preisliste ansehen<\/a><\/div>\n<\/div>\n<\/div>\n<\/div>\n<\/div>\n<\/div>\n<div class=\"standard_wrapper\">\n<div  class=\"one_half last withsmallpadding ppb_header\" style=\"text-align:left;padding:60px 0 60px 0;\" >\n<div class=\"page_content_wrapper wide\">\n<div class=\"inner\">\n<div style=\"margin:auto;width:100%\">\n<h2 class=\"widgettitle\" style=\"\">KONTAKT &amp; TERMINVEREINBARUNG<\/h2>\n<div class=\"ppb_header_content\"><img loading=\"lazy\" decoding=\"async\" src=\"https:\/\/klarasfusspflege.com\/wp-content\/uploads\/2026\/02\/Kontact-us.webp\" alt=\"\" width=\"1024\" height=\"569\" class=\"theme_radius alignnone size-large wp-image-3083\" \/><\/p>\n<p>Sie haben Fragen oder m\u00f6chten einen Termin vereinbaren? Kontaktieren Sie uns telefonisch oder online \u2013 wir freuen uns auf Ihre Anfrage.<\/p>\n<p><a class=\"readmore\" href=\"https:\/\/klarasfusspflege.com\/en\/kontakt\/\">Kontakt aufnehmen<\/a><\/p>\n<\/div>\n<\/div>\n<\/div>\n<\/div>\n<\/div>\n<\/div>","protected":false},"excerpt":{"rendered":"<p>MEIN VERSPRECHEN \u201cF\u00fcr mich steht Ihre Fu\u00dfgesundheit an erster Stelle. Ich nehme mir Zeit f\u00fcr jede Behandlung und arbeite mit gr\u00f6\u00dfter Sorgfalt, Pr\u00e4zision und h\u00f6chsten Hygienestandards. Mein Ziel ist es, Beschwerden zu lindern und Ihnen bei jedem Schritt ein sicheres [&hellip;]<\/p>\n","protected":false},"author":1,"featured_media":3743,"parent":0,"menu_order":0,"comment_status":"closed","ping_status":"closed","template":"","meta":{"footnotes":""},"class_list":["post-3074","page","type-page","status-publish","has-post-thumbnail","hentry"],"yoast_head":"<!-- This site is optimized with the Yoast SEO plugin v27.4 - https:\/\/yoast.com\/product\/yoast-seo-wordpress\/ -->\n<title>\u00dcber mich - Klaras Fusspflege<\/title>\n<meta name=\"robots\" content=\"index, follow, max-snippet:-1, max-image-preview:large, max-video-preview:-1\" \/>\n<link rel=\"canonical\" href=\"https:\/\/klarasfusspflege.com\/en\/uber-mich\/\" \/>\n<meta property=\"og:locale\" content=\"en_GB\" \/>\n<meta property=\"og:type\" content=\"article\" \/>\n<meta property=\"og:title\" content=\"\u00dcber mich - Klaras Fusspflege\" \/>\n<meta property=\"og:description\" content=\"MEIN VERSPRECHEN \u201cF\u00fcr mich steht Ihre Fu\u00dfgesundheit an erster Stelle. Ich nehme mir Zeit f\u00fcr jede Behandlung und arbeite mit gr\u00f6\u00dfter Sorgfalt, Pr\u00e4zision und h\u00f6chsten Hygienestandards. Mein Ziel ist es, Beschwerden zu lindern und Ihnen bei jedem Schritt ein sicheres [&hellip;]\" \/>\n<meta property=\"og:url\" content=\"https:\/\/klarasfusspflege.com\/en\/uber-mich\/\" \/>\n<meta property=\"og:site_name\" content=\"Klaras Fusspflege\" \/>\n<meta property=\"article:publisher\" content=\"https:\/\/www.facebook.com\/share\/18RgAY9kF9\/?mibextid=wwXIfr\" \/>\n<meta property=\"article:modified_time\" content=\"2026-03-11T13:54:48+00:00\" \/>\n<meta property=\"og:image\" content=\"https:\/\/klarasfusspflege.com\/wp-content\/uploads\/2026\/02\/Services.jpg\" \/>\n\t<meta property=\"og:image:width\" content=\"2000\" \/>\n\t<meta property=\"og:image:height\" content=\"1333\" \/>\n\t<meta property=\"og:image:type\" content=\"image\/jpeg\" \/>\n<meta name=\"twitter:card\" content=\"summary_large_image\" \/>\n<meta name=\"twitter:label1\" content=\"Estimated reading time\" \/>\n\t<meta name=\"twitter:data1\" content=\"2 minutes\" \/>\n<script type=\"application\/ld+json\" class=\"yoast-schema-graph\">{\"@context\":\"https:\\\/\\\/schema.org\",\"@graph\":[{\"@type\":\"WebPage\",\"@id\":\"https:\\\/\\\/klarasfusspflege.com\\\/uber-mich\\\/\",\"url\":\"https:\\\/\\\/klarasfusspflege.com\\\/uber-mich\\\/\",\"name\":\"\u00dcber mich - Klaras Fusspflege\",\"isPartOf\":{\"@id\":\"https:\\\/\\\/klarasfusspflege.com\\\/#website\"},\"primaryImageOfPage\":{\"@id\":\"https:\\\/\\\/klarasfusspflege.com\\\/uber-mich\\\/#primaryimage\"},\"image\":{\"@id\":\"https:\\\/\\\/klarasfusspflege.com\\\/uber-mich\\\/#primaryimage\"},\"thumbnailUrl\":\"https:\\\/\\\/klarasfusspflege.com\\\/wp-content\\\/uploads\\\/2026\\\/02\\\/Services.jpg\",\"datePublished\":\"2017-06-05T07:33:09+00:00\",\"dateModified\":\"2026-03-11T13:54:48+00:00\",\"breadcrumb\":{\"@id\":\"https:\\\/\\\/klarasfusspflege.com\\\/uber-mich\\\/#breadcrumb\"},\"inLanguage\":\"en-GB\",\"potentialAction\":[{\"@type\":\"ReadAction\",\"target\":[\"https:\\\/\\\/klarasfusspflege.com\\\/uber-mich\\\/\"]}]},{\"@type\":\"ImageObject\",\"inLanguage\":\"en-GB\",\"@id\":\"https:\\\/\\\/klarasfusspflege.com\\\/uber-mich\\\/#primaryimage\",\"url\":\"https:\\\/\\\/klarasfusspflege.com\\\/wp-content\\\/uploads\\\/2026\\\/02\\\/Services.jpg\",\"contentUrl\":\"https:\\\/\\\/klarasfusspflege.com\\\/wp-content\\\/uploads\\\/2026\\\/02\\\/Services.jpg\",\"width\":2000,\"height\":1333},{\"@type\":\"BreadcrumbList\",\"@id\":\"https:\\\/\\\/klarasfusspflege.com\\\/uber-mich\\\/#breadcrumb\",\"itemListElement\":[{\"@type\":\"ListItem\",\"position\":1,\"name\":\"Home\",\"item\":\"https:\\\/\\\/klarasfusspflege.com\\\/\"},{\"@type\":\"ListItem\",\"position\":2,\"name\":\"\u00dcber mich\"}]},{\"@type\":\"WebSite\",\"@id\":\"https:\\\/\\\/klarasfusspflege.com\\\/#website\",\"url\":\"https:\\\/\\\/klarasfusspflege.com\\\/\",\"name\":\"Klaras Fusspflege\",\"description\":\"\",\"publisher\":{\"@id\":\"https:\\\/\\\/klarasfusspflege.com\\\/#\\\/schema\\\/person\\\/db294c168d9a9cb24edc2e69f3e8c487\"},\"potentialAction\":[{\"@type\":\"SearchAction\",\"target\":{\"@type\":\"EntryPoint\",\"urlTemplate\":\"https:\\\/\\\/klarasfusspflege.com\\\/?s={search_term_string}\"},\"query-input\":{\"@type\":\"PropertyValueSpecification\",\"valueRequired\":true,\"valueName\":\"search_term_string\"}}],\"inLanguage\":\"en-GB\"},{\"@type\":[\"Person\",\"Organization\"],\"@id\":\"https:\\\/\\\/klarasfusspflege.com\\\/#\\\/schema\\\/person\\\/db294c168d9a9cb24edc2e69f3e8c487\",\"name\":\"klarasfusspflege\",\"image\":{\"@type\":\"ImageObject\",\"inLanguage\":\"en-GB\",\"@id\":\"https:\\\/\\\/klarasfusspflege.com\\\/wp-content\\\/uploads\\\/2026\\\/02\\\/Logo-Final-Klara-Fuboase-Dark.png\",\"url\":\"https:\\\/\\\/klarasfusspflege.com\\\/wp-content\\\/uploads\\\/2026\\\/02\\\/Logo-Final-Klara-Fuboase-Dark.png\",\"contentUrl\":\"https:\\\/\\\/klarasfusspflege.com\\\/wp-content\\\/uploads\\\/2026\\\/02\\\/Logo-Final-Klara-Fuboase-Dark.png\",\"width\":827,\"height\":356,\"caption\":\"klarasfusspflege\"},\"logo\":{\"@id\":\"https:\\\/\\\/klarasfusspflege.com\\\/wp-content\\\/uploads\\\/2026\\\/02\\\/Logo-Final-Klara-Fuboase-Dark.png\"},\"sameAs\":[\"https:\\\/\\\/www.facebook.com\\\/share\\\/18RgAY9kF9\\\/?mibextid=wwXIfr\",\"https:\\\/\\\/www.instagram.com\\\/klarasfusspflege\\\/\"]}]}<\/script>\n<!-- \/ Yoast SEO plugin. -->","yoast_head_json":{"title":"\u00dcber mich - Klaras Fusspflege","robots":{"index":"index","follow":"follow","max-snippet":"max-snippet:-1","max-image-preview":"max-image-preview:large","max-video-preview":"max-video-preview:-1"},"canonical":"https:\/\/klarasfusspflege.com\/en\/uber-mich\/","og_locale":"en_GB","og_type":"article","og_title":"\u00dcber mich - Klaras Fusspflege","og_description":"MEIN VERSPRECHEN \u201cF\u00fcr mich steht Ihre Fu\u00dfgesundheit an erster Stelle. Ich nehme mir Zeit f\u00fcr jede Behandlung und arbeite mit gr\u00f6\u00dfter Sorgfalt, Pr\u00e4zision und h\u00f6chsten Hygienestandards. Mein Ziel ist es, Beschwerden zu lindern und Ihnen bei jedem Schritt ein sicheres [&hellip;]","og_url":"https:\/\/klarasfusspflege.com\/en\/uber-mich\/","og_site_name":"Klaras Fusspflege","article_publisher":"https:\/\/www.facebook.com\/share\/18RgAY9kF9\/?mibextid=wwXIfr","article_modified_time":"2026-03-11T13:54:48+00:00","og_image":[{"width":2000,"height":1333,"url":"https:\/\/klarasfusspflege.com\/wp-content\/uploads\/2026\/02\/Services.jpg","type":"image\/jpeg"}],"twitter_card":"summary_large_image","twitter_misc":{"Estimated reading time":"2 minutes"},"schema":{"@context":"https:\/\/schema.org","@graph":[{"@type":"WebPage","@id":"https:\/\/klarasfusspflege.com\/uber-mich\/","url":"https:\/\/klarasfusspflege.com\/uber-mich\/","name":"\u00dcber mich - Klaras Fusspflege","isPartOf":{"@id":"https:\/\/klarasfusspflege.com\/#website"},"primaryImageOfPage":{"@id":"https:\/\/klarasfusspflege.com\/uber-mich\/#primaryimage"},"image":{"@id":"https:\/\/klarasfusspflege.com\/uber-mich\/#primaryimage"},"thumbnailUrl":"https:\/\/klarasfusspflege.com\/wp-content\/uploads\/2026\/02\/Services.jpg","datePublished":"2017-06-05T07:33:09+00:00","dateModified":"2026-03-11T13:54:48+00:00","breadcrumb":{"@id":"https:\/\/klarasfusspflege.com\/uber-mich\/#breadcrumb"},"inLanguage":"en-GB","potentialAction":[{"@type":"ReadAction","target":["https:\/\/klarasfusspflege.com\/uber-mich\/"]}]},{"@type":"ImageObject","inLanguage":"en-GB","@id":"https:\/\/klarasfusspflege.com\/uber-mich\/#primaryimage","url":"https:\/\/klarasfusspflege.com\/wp-content\/uploads\/2026\/02\/Services.jpg","contentUrl":"https:\/\/klarasfusspflege.com\/wp-content\/uploads\/2026\/02\/Services.jpg","width":2000,"height":1333},{"@type":"BreadcrumbList","@id":"https:\/\/klarasfusspflege.com\/uber-mich\/#breadcrumb","itemListElement":[{"@type":"ListItem","position":1,"name":"Home","item":"https:\/\/klarasfusspflege.com\/"},{"@type":"ListItem","position":2,"name":"\u00dcber mich"}]},{"@type":"WebSite","@id":"https:\/\/klarasfusspflege.com\/#website","url":"https:\/\/klarasfusspflege.com\/","name":"Klaras Fusspflege","description":"","publisher":{"@id":"https:\/\/klarasfusspflege.com\/#\/schema\/person\/db294c168d9a9cb24edc2e69f3e8c487"},"potentialAction":[{"@type":"SearchAction","target":{"@type":"EntryPoint","urlTemplate":"https:\/\/klarasfusspflege.com\/?s={search_term_string}"},"query-input":{"@type":"PropertyValueSpecification","valueRequired":true,"valueName":"search_term_string"}}],"inLanguage":"en-GB"},{"@type":["Person","Organization"],"@id":"https:\/\/klarasfusspflege.com\/#\/schema\/person\/db294c168d9a9cb24edc2e69f3e8c487","name":"klarasfusspflege","image":{"@type":"ImageObject","inLanguage":"en-GB","@id":"https:\/\/klarasfusspflege.com\/wp-content\/uploads\/2026\/02\/Logo-Final-Klara-Fuboase-Dark.png","url":"https:\/\/klarasfusspflege.com\/wp-content\/uploads\/2026\/02\/Logo-Final-Klara-Fuboase-Dark.png","contentUrl":"https:\/\/klarasfusspflege.com\/wp-content\/uploads\/2026\/02\/Logo-Final-Klara-Fuboase-Dark.png","width":827,"height":356,"caption":"klarasfusspflege"},"logo":{"@id":"https:\/\/klarasfusspflege.com\/wp-content\/uploads\/2026\/02\/Logo-Final-Klara-Fuboase-Dark.png"},"sameAs":["https:\/\/www.facebook.com\/share\/18RgAY9kF9\/?mibextid=wwXIfr","https:\/\/www.instagram.com\/klarasfusspflege\/"]}]}},"_links":{"self":[{"href":"https:\/\/klarasfusspflege.com\/en\/wp-json\/wp\/v2\/pages\/3074","targetHints":{"allow":["GET"]}}],"collection":[{"href":"https:\/\/klarasfusspflege.com\/en\/wp-json\/wp\/v2\/pages"}],"about":[{"href":"https:\/\/klarasfusspflege.com\/en\/wp-json\/wp\/v2\/types\/page"}],"author":[{"embeddable":true,"href":"https:\/\/klarasfusspflege.com\/en\/wp-json\/wp\/v2\/users\/1"}],"replies":[{"embeddable":true,"href":"https:\/\/klarasfusspflege.com\/en\/wp-json\/wp\/v2\/comments?post=3074"}],"version-history":[{"count":17,"href":"https:\/\/klarasfusspflege.com\/en\/wp-json\/wp\/v2\/pages\/3074\/revisions"}],"predecessor-version":[{"id":3940,"href":"https:\/\/klarasfusspflege.com\/en\/wp-json\/wp\/v2\/pages\/3074\/revisions\/3940"}],"wp:featuredmedia":[{"embeddable":true,"href":"https:\/\/klarasfusspflege.com\/en\/wp-json\/wp\/v2\/media\/3743"}],"wp:attachment":[{"href":"https:\/\/klarasfusspflege.com\/en\/wp-json\/wp\/v2\/media?parent=3074"}],"curies":[{"name":"wp","href":"https:\/\/api.w.org\/{rel}","templated":true}]}}