{"id":3145,"date":"2017-06-07T07:47:08","date_gmt":"2017-06-07T07:47:08","guid":{"rendered":"https:\/\/themes.themegoods.com\/grandspa\/demo\/?page_id=3145"},"modified":"2026-02-27T20:21:16","modified_gmt":"2026-02-27T20:21:16","slug":"termin-buchen","status":"publish","type":"page","link":"https:\/\/klarasfusspflege.com\/en\/termin-buchen\/","title":{"rendered":"Termin buchen"},"content":{"rendered":"<div  class=\"one withsmallpadding\" style=\"padding:40px 0 40px 0;margin-top:20px;\" >\n<div class=\"standard_wrapper\">\n<div class=\"page_content_wrapper wide\">\n<div class=\"inner\">\n<div class=\"inner_wrapper\">\n<div class=\"sidebar_content left_sidebar\">\n<div class=\"booked-calendar-shortcode-wrap\">\n<div class=\"booked-calendar-wrap large\">\n<div class=\"booked-calendar\" data-calendar-date=\"2026-03-01\">\n<div class=\"bc-head\">\n<div class=\"bc-row top\">\n<div class=\"bc-col\">\n\t\t\t\t\t\t\t\t\t\t<span class=\"calendarSavingState\"><br \/>\n\t\t\t\t\t\t<i class=\"fa-solid fa-circle-notch fa-spin\"><\/i><br \/>\n\t\t\t\t\t<\/span><br \/>\n\t\t\t\t\t<span class=\"monthName\"><br \/>\n\t\t\t\t\t\tMarch 2026\t\t\t\t\t\t\t\t\t\t\t<\/span><br \/>\n\t\t\t\t\t<a href=\"#\" data-goto=\"2026-04-01\" class=\"page-right\"><i class=\"fa-solid fa-arrow-right\"><\/i><\/a>\t\t\t\t<\/div>\n<\/p><\/div>\n<div class=\"bc-row days\">\n<div class=\"bc-col\">Mon<\/div>\n<div class=\"bc-col\">Tue<\/div>\n<div class=\"bc-col\">Wed<\/div>\n<div class=\"bc-col\">Thu<\/div>\n<div class=\"bc-col\">Fri<\/div>\n<div class=\"bc-col\">Sat<\/div>\n<div class=\"bc-col\">Sun<\/div>\n<\/p><\/div>\n<\/p><\/div>\n<div class=\"bc-body\">\n<div class=\"bc-row week\">\n<div data-date=\"2026-02-23\" class=\"bc-col prev-month prev-date\"><span class=\"date\"><span class=\"number\">23<\/span><\/span><\/div>\n<div data-date=\"2026-02-24\" class=\"bc-col prev-month prev-date\"><span class=\"date\"><span class=\"number\">24<\/span><\/span><\/div>\n<div data-date=\"2026-02-25\" class=\"bc-col prev-month prev-date\"><span class=\"date\"><span class=\"number\">25<\/span><\/span><\/div>\n<div data-date=\"2026-02-26\" class=\"bc-col prev-month prev-date\"><span class=\"date\"><span class=\"number\">26<\/span><\/span><\/div>\n<div data-date=\"2026-02-27\" class=\"bc-col prev-month prev-date\"><span class=\"date\"><span class=\"number\">27<\/span><\/span><\/div>\n<div data-date=\"2026-02-28\" class=\"bc-col prev-month prev-date\"><span class=\"date\"><span class=\"number\">28<\/span><\/span><\/div>\n<div data-date=\"2026-03-1\" class=\"bc-col prev-date\"><span class=\"date\"><span class=\"number\">1<\/span><\/span><\/div>\n<\/div>\n<div class=\"bc-row week\">\n<div data-date=\"2026-03-2\" class=\"bc-col\"><span class=\"date tooltipster\" title=\"15 Available\"><span class=\"number\">2<\/span><\/span><\/div>\n<div data-date=\"2026-03-3\" class=\"bc-col\"><span class=\"date tooltipster\" title=\"15 Available\"><span class=\"number\">3<\/span><\/span><\/div>\n<div data-date=\"2026-03-4\" class=\"bc-col\"><span class=\"date tooltipster\" title=\"15 Available\"><span class=\"number\">4<\/span><\/span><\/div>\n<div data-date=\"2026-03-5\" class=\"bc-col\"><span class=\"date tooltipster\" title=\"15 Available\"><span class=\"number\">5<\/span><\/span><\/div>\n<div data-date=\"2026-03-6\" class=\"bc-col\"><span class=\"date tooltipster\" title=\"15 Available\"><span class=\"number\">6<\/span><\/span><\/div>\n<div data-date=\"2026-03-7\" class=\"bc-col\"><span class=\"date tooltipster\" title=\"9 Available\"><span class=\"number\">7<\/span><\/span><\/div>\n<div data-date=\"2026-03-8\" class=\"bc-col prev-date\"><span class=\"date\"><span class=\"number\">8<\/span><\/span><\/div>\n<\/div>\n<div class=\"bc-row week\">\n<div data-date=\"2026-03-9\" class=\"bc-col\"><span class=\"date tooltipster\" title=\"15 Available\"><span class=\"number\">9<\/span><\/span><\/div>\n<div data-date=\"2026-03-10\" class=\"bc-col\"><span class=\"date tooltipster\" title=\"15 Available\"><span class=\"number\">10<\/span><\/span><\/div>\n<div data-date=\"2026-03-11\" class=\"bc-col\"><span class=\"date tooltipster\" title=\"15 Available\"><span class=\"number\">11<\/span><\/span><\/div>\n<div data-date=\"2026-03-12\" class=\"bc-col\"><span class=\"date tooltipster\" title=\"15 Available\"><span class=\"number\">12<\/span><\/span><\/div>\n<div data-date=\"2026-03-13\" class=\"bc-col\"><span class=\"date tooltipster\" title=\"15 Available\"><span class=\"number\">13<\/span><\/span><\/div>\n<div data-date=\"2026-03-14\" class=\"bc-col\"><span class=\"date tooltipster\" title=\"9 Available\"><span class=\"number\">14<\/span><\/span><\/div>\n<div data-date=\"2026-03-15\" class=\"bc-col prev-date\"><span class=\"date\"><span class=\"number\">15<\/span><\/span><\/div>\n<\/div>\n<div class=\"bc-row week\">\n<div data-date=\"2026-03-16\" class=\"bc-col\"><span class=\"date tooltipster\" title=\"15 Available\"><span class=\"number\">16<\/span><\/span><\/div>\n<div data-date=\"2026-03-17\" class=\"bc-col\"><span class=\"date tooltipster\" title=\"15 Available\"><span class=\"number\">17<\/span><\/span><\/div>\n<div data-date=\"2026-03-18\" class=\"bc-col\"><span class=\"date tooltipster\" title=\"15 Available\"><span class=\"number\">18<\/span><\/span><\/div>\n<div data-date=\"2026-03-19\" class=\"bc-col\"><span class=\"date tooltipster\" title=\"15 Available\"><span class=\"number\">19<\/span><\/span><\/div>\n<div data-date=\"2026-03-20\" class=\"bc-col\"><span class=\"date tooltipster\" title=\"15 Available\"><span class=\"number\">20<\/span><\/span><\/div>\n<div data-date=\"2026-03-21\" class=\"bc-col\"><span class=\"date tooltipster\" title=\"9 Available\"><span class=\"number\">21<\/span><\/span><\/div>\n<div data-date=\"2026-03-22\" class=\"bc-col prev-date\"><span class=\"date\"><span class=\"number\">22<\/span><\/span><\/div>\n<\/div>\n<div class=\"bc-row week\">\n<div data-date=\"2026-03-23\" class=\"bc-col\"><span class=\"date tooltipster\" title=\"15 Available\"><span class=\"number\">23<\/span><\/span><\/div>\n<div data-date=\"2026-03-24\" class=\"bc-col\"><span class=\"date tooltipster\" title=\"15 Available\"><span class=\"number\">24<\/span><\/span><\/div>\n<div data-date=\"2026-03-25\" class=\"bc-col\"><span class=\"date tooltipster\" title=\"15 Available\"><span class=\"number\">25<\/span><\/span><\/div>\n<div data-date=\"2026-03-26\" class=\"bc-col\"><span class=\"date tooltipster\" title=\"15 Available\"><span class=\"number\">26<\/span><\/span><\/div>\n<div data-date=\"2026-03-27\" class=\"bc-col\"><span class=\"date tooltipster\" title=\"15 Available\"><span class=\"number\">27<\/span><\/span><\/div>\n<div data-date=\"2026-03-28\" class=\"bc-col\"><span class=\"date tooltipster\" title=\"9 Available\"><span class=\"number\">28<\/span><\/span><\/div>\n<div data-date=\"2026-03-29\" class=\"bc-col prev-date\"><span class=\"date\"><span class=\"number\">29<\/span><\/span><\/div>\n<\/div>\n<div class=\"bc-row week\">\n<div data-date=\"2026-03-30\" class=\"bc-col\"><span class=\"date tooltipster\" title=\"15 Available\"><span class=\"number\">30<\/span><\/span><\/div>\n<div data-date=\"2026-03-31\" class=\"bc-col\"><span class=\"date tooltipster\" title=\"15 Available\"><span class=\"number\">31<\/span><\/span><\/div>\n<div data-date=\"2026-04-1\" class=\"bc-col next-month\"><span class=\"date tooltipster\" title=\"15 Available\"><span class=\"number\">1<\/span><\/span><\/div>\n<div data-date=\"2026-04-2\" class=\"bc-col next-month\"><span class=\"date tooltipster\" title=\"15 Available\"><span class=\"number\">2<\/span><\/span><\/div>\n<div data-date=\"2026-04-3\" class=\"bc-col next-month\"><span class=\"date tooltipster\" title=\"15 Available\"><span class=\"number\">3<\/span><\/span><\/div>\n<div data-date=\"2026-04-4\" class=\"bc-col next-month\"><span class=\"date tooltipster\" title=\"9 Available\"><span class=\"number\">4<\/span><\/span><\/div>\n<div data-date=\"2026-04-5\" class=\"bc-col next-month prev-date\"><span class=\"date\"><span class=\"number\">5<\/span><\/span><\/div>\n<\/div><\/div>\n<\/p><\/div>\n<\/div>\n<\/div>\n<\/div>\n<div class=\"sidebar_wrapper left_sidebar\">\n<div class=\"sidebar\">\n<div class=\"content\">\n<ul class=\"sidebar_widget\">\n<li id=\"text-2\" class=\"widget widget_text\">\n<h2 class=\"widgettitle\"><span>ADRESSE<\/span><\/h2>\n<div class=\"textwidget\">\n<p><span style=\"font-size:20px;\">184 Main Street East Perl Habour 8007<\/span><\/p>\n<\/div>\n<\/li>\n<li id=\"text-3\" class=\"widget widget_text\">\n<h2 class=\"widgettitle\"><span>TERMIN &#038; ANFRAGE<\/span><\/h2>\n<div class=\"textwidget\">\n<p>Haben Sie Fragen zu unseren Behandlungen oder m\u00f6chten Sie einen Termin vereinbaren? Wir beraten Sie gerne pers\u00f6nlich und nehmen uns Zeit f\u00fcr Ihr Anliegen. Kontaktieren Sie uns telefonisch oder nutzen Sie unser Anfrageformular \u2013 wir melden uns schnellstm\u00f6glich bei Ihnen zur\u00fcck.<\/p>\n<p><h7><a href=\"#\">Call 1-677-124-44227<\/a><\/h7><\/p>\n<\/div>\n<\/li>\n<\/ul>\n<\/div>\n<\/div>\n<\/div>\n<\/div>\n<\/div>\n<\/div>\n<\/div>\n<\/div>\n<div class=\"standard_wrapper\">\n<div class=\"one withsmallpadding ppb_line_divider\"  style=\"text-align:center;padding:0px 0 0px 0;\" >\n<div class=\"page_content_wrapper wide\">\n<div class=\"inner\">\n<div class=\"line_divider_border\" style=\"width:100px;\"><\/div>\n<div class=\"line_divider_seperator\"><i class=\"fa fa-leaf\" style=\"color:#efa697;\"><\/i><\/div>\n<div class=\"line_divider_border\" style=\"width:100px;\"><\/div>\n<\/div>\n<\/div>\n<\/div>\n<\/div>\n<div class=\"standard_wrapper\">\n<div  class=\"one_half withsmallpadding ppb_header\" style=\"text-align:left;padding:60px 0 60px 0;\" >\n<div class=\"page_content_wrapper wide\">\n<div class=\"inner\">\n<div style=\"margin:auto;width:100%\">\n<h2 class=\"widgettitle\" style=\"\">Terminbuchung<\/h2>\n<div class=\"ppb_header_content\">Um Ihnen eine entspannte und pers\u00f6nliche Behandlung zu garantieren, bitten wir um eine vorherige Terminvereinbarung. Termine k\u00f6nnen telefonisch oder online angefragt werden. Sollten Sie einen Termin nicht wahrnehmen k\u00f6nnen, bitten wir um rechtzeitige Absage.<\/div>\n<\/div>\n<\/div>\n<\/div>\n<\/div>\n<\/div>\n<div class=\"standard_wrapper\">\n<div  class=\"one_half last withsmallpadding ppb_header\" style=\"text-align:left;padding:60px 0 60px 0;\" >\n<div class=\"page_content_wrapper wide\">\n<div class=\"inner\">\n<div style=\"margin:auto;width:100%\">\n<h2 class=\"widgettitle\" style=\"\">Zahlungsm\u00f6glichkeiten<\/h2>\n<div class=\"ppb_header_content\">Die Bezahlung erfolgt direkt nach der Behandlung.<br \/>\nBitte beachten Sie, dass wir ausschlie\u00dflich Barzahlung akzeptieren.<\/p>\n<p>Vielen Dank f\u00fcr Ihr Verst\u00e4ndnis.<\/p><\/div>\n<\/div>\n<\/div>\n<\/div>\n<\/div>\n<\/div>","protected":false},"excerpt":{"rendered":"<p>March 2026 Mon Tue Wed Thu Fri Sat Sun 23 24 25 26 27 28 1 2 3 4 5 6 7 8 9 10 11 12 13 14 15 16 17 18 19 20 21 22 23 24 25 [&hellip;]<\/p>\n","protected":false},"author":1,"featured_media":3814,"parent":0,"menu_order":0,"comment_status":"closed","ping_status":"closed","template":"","meta":{"footnotes":""},"class_list":["post-3145","page","type-page","status-publish","has-post-thumbnail","hentry"],"yoast_head":"<!-- This site is optimized with the Yoast SEO plugin v27.4 - https:\/\/yoast.com\/product\/yoast-seo-wordpress\/ -->\n<title>Termin buchen - Klaras Fusspflege<\/title>\n<meta name=\"robots\" content=\"index, follow, max-snippet:-1, max-image-preview:large, max-video-preview:-1\" \/>\n<link rel=\"canonical\" href=\"https:\/\/klarasfusspflege.com\/en\/termin-buchen\/\" \/>\n<meta property=\"og:locale\" content=\"en_GB\" \/>\n<meta property=\"og:type\" content=\"article\" \/>\n<meta property=\"og:title\" content=\"Termin buchen - Klaras Fusspflege\" \/>\n<meta property=\"og:description\" content=\"March 2026 Mon Tue Wed Thu Fri Sat Sun 23 24 25 26 27 28 1 2 3 4 5 6 7 8 9 10 11 12 13 14 15 16 17 18 19 20 21 22 23 24 25 [&hellip;]\" \/>\n<meta property=\"og:url\" content=\"https:\/\/klarasfusspflege.com\/en\/termin-buchen\/\" \/>\n<meta property=\"og:site_name\" content=\"Klaras Fusspflege\" \/>\n<meta property=\"article:publisher\" content=\"https:\/\/www.facebook.com\/share\/18RgAY9kF9\/?mibextid=wwXIfr\" \/>\n<meta property=\"article:modified_time\" content=\"2026-02-27T20:21:16+00:00\" \/>\n<meta property=\"og:image\" content=\"https:\/\/klarasfusspflege.com\/wp-content\/uploads\/2026\/02\/51370.jpg\" \/>\n\t<meta property=\"og:image:width\" content=\"1500\" \/>\n\t<meta property=\"og:image:height\" content=\"1000\" \/>\n\t<meta property=\"og:image:type\" content=\"image\/jpeg\" \/>\n<meta name=\"twitter:card\" content=\"summary_large_image\" \/>\n<meta name=\"twitter:label1\" content=\"Estimated reading time\" \/>\n\t<meta name=\"twitter:data1\" content=\"1 minute\" \/>\n<script type=\"application\/ld+json\" class=\"yoast-schema-graph\">{\"@context\":\"https:\\\/\\\/schema.org\",\"@graph\":[{\"@type\":\"WebPage\",\"@id\":\"https:\\\/\\\/klarasfusspflege.com\\\/termin-buchen\\\/\",\"url\":\"https:\\\/\\\/klarasfusspflege.com\\\/termin-buchen\\\/\",\"name\":\"Termin buchen - Klaras Fusspflege\",\"isPartOf\":{\"@id\":\"https:\\\/\\\/klarasfusspflege.com\\\/#website\"},\"primaryImageOfPage\":{\"@id\":\"https:\\\/\\\/klarasfusspflege.com\\\/termin-buchen\\\/#primaryimage\"},\"image\":{\"@id\":\"https:\\\/\\\/klarasfusspflege.com\\\/termin-buchen\\\/#primaryimage\"},\"thumbnailUrl\":\"https:\\\/\\\/klarasfusspflege.com\\\/wp-content\\\/uploads\\\/2026\\\/02\\\/51370.jpg\",\"datePublished\":\"2017-06-07T07:47:08+00:00\",\"dateModified\":\"2026-02-27T20:21:16+00:00\",\"breadcrumb\":{\"@id\":\"https:\\\/\\\/klarasfusspflege.com\\\/termin-buchen\\\/#breadcrumb\"},\"inLanguage\":\"en-GB\",\"potentialAction\":[{\"@type\":\"ReadAction\",\"target\":[\"https:\\\/\\\/klarasfusspflege.com\\\/termin-buchen\\\/\"]}]},{\"@type\":\"ImageObject\",\"inLanguage\":\"en-GB\",\"@id\":\"https:\\\/\\\/klarasfusspflege.com\\\/termin-buchen\\\/#primaryimage\",\"url\":\"https:\\\/\\\/klarasfusspflege.com\\\/wp-content\\\/uploads\\\/2026\\\/02\\\/51370.jpg\",\"contentUrl\":\"https:\\\/\\\/klarasfusspflege.com\\\/wp-content\\\/uploads\\\/2026\\\/02\\\/51370.jpg\",\"width\":1500,\"height\":1000},{\"@type\":\"BreadcrumbList\",\"@id\":\"https:\\\/\\\/klarasfusspflege.com\\\/termin-buchen\\\/#breadcrumb\",\"itemListElement\":[{\"@type\":\"ListItem\",\"position\":1,\"name\":\"Home\",\"item\":\"https:\\\/\\\/klarasfusspflege.com\\\/\"},{\"@type\":\"ListItem\",\"position\":2,\"name\":\"Termin buchen\"}]},{\"@type\":\"WebSite\",\"@id\":\"https:\\\/\\\/klarasfusspflege.com\\\/#website\",\"url\":\"https:\\\/\\\/klarasfusspflege.com\\\/\",\"name\":\"Klaras Fusspflege\",\"description\":\"\",\"publisher\":{\"@id\":\"https:\\\/\\\/klarasfusspflege.com\\\/#\\\/schema\\\/person\\\/db294c168d9a9cb24edc2e69f3e8c487\"},\"potentialAction\":[{\"@type\":\"SearchAction\",\"target\":{\"@type\":\"EntryPoint\",\"urlTemplate\":\"https:\\\/\\\/klarasfusspflege.com\\\/?s={search_term_string}\"},\"query-input\":{\"@type\":\"PropertyValueSpecification\",\"valueRequired\":true,\"valueName\":\"search_term_string\"}}],\"inLanguage\":\"en-GB\"},{\"@type\":[\"Person\",\"Organization\"],\"@id\":\"https:\\\/\\\/klarasfusspflege.com\\\/#\\\/schema\\\/person\\\/db294c168d9a9cb24edc2e69f3e8c487\",\"name\":\"klarasfusspflege\",\"image\":{\"@type\":\"ImageObject\",\"inLanguage\":\"en-GB\",\"@id\":\"https:\\\/\\\/klarasfusspflege.com\\\/wp-content\\\/uploads\\\/2026\\\/02\\\/Logo-Final-Klara-Fuboase-Dark.png\",\"url\":\"https:\\\/\\\/klarasfusspflege.com\\\/wp-content\\\/uploads\\\/2026\\\/02\\\/Logo-Final-Klara-Fuboase-Dark.png\",\"contentUrl\":\"https:\\\/\\\/klarasfusspflege.com\\\/wp-content\\\/uploads\\\/2026\\\/02\\\/Logo-Final-Klara-Fuboase-Dark.png\",\"width\":827,\"height\":356,\"caption\":\"klarasfusspflege\"},\"logo\":{\"@id\":\"https:\\\/\\\/klarasfusspflege.com\\\/wp-content\\\/uploads\\\/2026\\\/02\\\/Logo-Final-Klara-Fuboase-Dark.png\"},\"sameAs\":[\"https:\\\/\\\/www.facebook.com\\\/share\\\/18RgAY9kF9\\\/?mibextid=wwXIfr\",\"https:\\\/\\\/www.instagram.com\\\/klarasfusspflege\\\/\"]}]}<\/script>\n<!-- \/ Yoast SEO plugin. -->","yoast_head_json":{"title":"Termin buchen - Klaras Fusspflege","robots":{"index":"index","follow":"follow","max-snippet":"max-snippet:-1","max-image-preview":"max-image-preview:large","max-video-preview":"max-video-preview:-1"},"canonical":"https:\/\/klarasfusspflege.com\/en\/termin-buchen\/","og_locale":"en_GB","og_type":"article","og_title":"Termin buchen - Klaras Fusspflege","og_description":"March 2026 Mon Tue Wed Thu Fri Sat Sun 23 24 25 26 27 28 1 2 3 4 5 6 7 8 9 10 11 12 13 14 15 16 17 18 19 20 21 22 23 24 25 [&hellip;]","og_url":"https:\/\/klarasfusspflege.com\/en\/termin-buchen\/","og_site_name":"Klaras Fusspflege","article_publisher":"https:\/\/www.facebook.com\/share\/18RgAY9kF9\/?mibextid=wwXIfr","article_modified_time":"2026-02-27T20:21:16+00:00","og_image":[{"width":1500,"height":1000,"url":"https:\/\/klarasfusspflege.com\/wp-content\/uploads\/2026\/02\/51370.jpg","type":"image\/jpeg"}],"twitter_card":"summary_large_image","twitter_misc":{"Estimated reading time":"1 minute"},"schema":{"@context":"https:\/\/schema.org","@graph":[{"@type":"WebPage","@id":"https:\/\/klarasfusspflege.com\/termin-buchen\/","url":"https:\/\/klarasfusspflege.com\/termin-buchen\/","name":"Termin buchen - Klaras Fusspflege","isPartOf":{"@id":"https:\/\/klarasfusspflege.com\/#website"},"primaryImageOfPage":{"@id":"https:\/\/klarasfusspflege.com\/termin-buchen\/#primaryimage"},"image":{"@id":"https:\/\/klarasfusspflege.com\/termin-buchen\/#primaryimage"},"thumbnailUrl":"https:\/\/klarasfusspflege.com\/wp-content\/uploads\/2026\/02\/51370.jpg","datePublished":"2017-06-07T07:47:08+00:00","dateModified":"2026-02-27T20:21:16+00:00","breadcrumb":{"@id":"https:\/\/klarasfusspflege.com\/termin-buchen\/#breadcrumb"},"inLanguage":"en-GB","potentialAction":[{"@type":"ReadAction","target":["https:\/\/klarasfusspflege.com\/termin-buchen\/"]}]},{"@type":"ImageObject","inLanguage":"en-GB","@id":"https:\/\/klarasfusspflege.com\/termin-buchen\/#primaryimage","url":"https:\/\/klarasfusspflege.com\/wp-content\/uploads\/2026\/02\/51370.jpg","contentUrl":"https:\/\/klarasfusspflege.com\/wp-content\/uploads\/2026\/02\/51370.jpg","width":1500,"height":1000},{"@type":"BreadcrumbList","@id":"https:\/\/klarasfusspflege.com\/termin-buchen\/#breadcrumb","itemListElement":[{"@type":"ListItem","position":1,"name":"Home","item":"https:\/\/klarasfusspflege.com\/"},{"@type":"ListItem","position":2,"name":"Termin buchen"}]},{"@type":"WebSite","@id":"https:\/\/klarasfusspflege.com\/#website","url":"https:\/\/klarasfusspflege.com\/","name":"Klaras Fusspflege","description":"","publisher":{"@id":"https:\/\/klarasfusspflege.com\/#\/schema\/person\/db294c168d9a9cb24edc2e69f3e8c487"},"potentialAction":[{"@type":"SearchAction","target":{"@type":"EntryPoint","urlTemplate":"https:\/\/klarasfusspflege.com\/?s={search_term_string}"},"query-input":{"@type":"PropertyValueSpecification","valueRequired":true,"valueName":"search_term_string"}}],"inLanguage":"en-GB"},{"@type":["Person","Organization"],"@id":"https:\/\/klarasfusspflege.com\/#\/schema\/person\/db294c168d9a9cb24edc2e69f3e8c487","name":"klarasfusspflege","image":{"@type":"ImageObject","inLanguage":"en-GB","@id":"https:\/\/klarasfusspflege.com\/wp-content\/uploads\/2026\/02\/Logo-Final-Klara-Fuboase-Dark.png","url":"https:\/\/klarasfusspflege.com\/wp-content\/uploads\/2026\/02\/Logo-Final-Klara-Fuboase-Dark.png","contentUrl":"https:\/\/klarasfusspflege.com\/wp-content\/uploads\/2026\/02\/Logo-Final-Klara-Fuboase-Dark.png","width":827,"height":356,"caption":"klarasfusspflege"},"logo":{"@id":"https:\/\/klarasfusspflege.com\/wp-content\/uploads\/2026\/02\/Logo-Final-Klara-Fuboase-Dark.png"},"sameAs":["https:\/\/www.facebook.com\/share\/18RgAY9kF9\/?mibextid=wwXIfr","https:\/\/www.instagram.com\/klarasfusspflege\/"]}]}},"_links":{"self":[{"href":"https:\/\/klarasfusspflege.com\/en\/wp-json\/wp\/v2\/pages\/3145","targetHints":{"allow":["GET"]}}],"collection":[{"href":"https:\/\/klarasfusspflege.com\/en\/wp-json\/wp\/v2\/pages"}],"about":[{"href":"https:\/\/klarasfusspflege.com\/en\/wp-json\/wp\/v2\/types\/page"}],"author":[{"embeddable":true,"href":"https:\/\/klarasfusspflege.com\/en\/wp-json\/wp\/v2\/users\/1"}],"replies":[{"embeddable":true,"href":"https:\/\/klarasfusspflege.com\/en\/wp-json\/wp\/v2\/comments?post=3145"}],"version-history":[{"count":4,"href":"https:\/\/klarasfusspflege.com\/en\/wp-json\/wp\/v2\/pages\/3145\/revisions"}],"predecessor-version":[{"id":3815,"href":"https:\/\/klarasfusspflege.com\/en\/wp-json\/wp\/v2\/pages\/3145\/revisions\/3815"}],"wp:featuredmedia":[{"embeddable":true,"href":"https:\/\/klarasfusspflege.com\/en\/wp-json\/wp\/v2\/media\/3814"}],"wp:attachment":[{"href":"https:\/\/klarasfusspflege.com\/en\/wp-json\/wp\/v2\/media?parent=3145"}],"curies":[{"name":"wp","href":"https:\/\/api.w.org\/{rel}","templated":true}]}}