{"id":3232,"date":"2017-06-08T09:34:41","date_gmt":"2017-06-08T09:34:41","guid":{"rendered":"https:\/\/themes.themegoods.com\/grandspa\/demo\/?page_id=3232"},"modified":"2026-03-20T00:59:41","modified_gmt":"2026-03-19T23:59:41","slug":"home-1-spa","status":"publish","type":"page","link":"https:\/\/klarasfusspflege.com\/en\/","title":{"rendered":"Startseite"},"content":{"rendered":"<div  class=\"one fullwidth\"><\/div>\n<div  class=\"one ppb_boxed_text_button\" style=\"top:-32px;\" >\n<div class=\"ppb_boxed_text_button_wrapper\" style=\"background-color:;\">\n<div class=\"ppb_boxed_text_button_content\" style=\"color:;\"><span class=\"ti-alarm-clock\" style=\"margin-right:10px;\"><\/span>T\u00e4glich ge\u00f6ffnet von 09:00 bis 17:00 Uhr<\/div>\n<p><a href=\"https:\/\/klarasfusspflege.com\/en\/termin-buchen\/\" class=\"button\" style=\"background-color:#2f9b14;border-color:#2f9b14;color:#ffffff;\">Termine pr\u00fcfen<\/a><\/div>\n<\/div>\n<div  class=\"one ppb_card_two_cols_with_image\" style=\"position:relative;padding:40px 0 40px 0;margin-bottom:60px;\" >\n<div class=\"standard_wrapper\">\n<div class=\"page_content_wrapper wide\">\n<div class=\"inner\">\n<div class=\"one_half parallax_scroll parallax_text\" style=\"width:55%;position:absolute;padding:40px;z-index:2;block !important;background:#fff;\" data-stellar-ratio=\"1.3\">\n<h2 class=\"ppb_title\" style=\"\">Entdecken Sie die Kraft der Entspannung<\/h2>\n<div class=\"ppb_header_content\">\n<p>G\u00f6nnen Sie sich eine wohltuende Auszeit vom Alltag. Meine professionelle Fu\u00df-Massage l\u00f6st Verspannungen, f\u00f6rdern die Durchblutung und schenken Ihrem K\u00f6rper neue Leichtigkeit und Balance \u2013 in ruhiger und entspannter Atmosph\u00e4re.<\/p>\n<p><a class=\"readmore\" href=\"https:\/\/klarasfusspflege.com\/en\/uber-mich\/\">Mehr erfahren<\/a><\/p>\n<\/div>\n<\/div>\n<div class=\"one_half parallax_scroll_image last\" style=\"width:65%;\">\n<div class=\"image_classic_frame expand\">\n<div class=\"image_wrapper\"><img decoding=\"async\" src=\"https:\/\/klarasfusspflege.com\/wp-content\/uploads\/2026\/02\/Servies-Homepage.webp\" alt=\"\" class=\"portfolio_img\"\/><\/div>\n<\/div>\n<\/div>\n<p><br class=\"clear\"\/><\/div>\n<\/div>\n<\/div>\n<\/div>\n<\/div>\n<div  class=\"parallax\" style=\"background-image: url(https:\/\/klarasfusspflege.com\/wp-content\/uploads\/2026\/02\/1935.jpg);height:50vh; margin-bottom:20px;\"><\/div>\n<div  class=\"one ppb_card_two_cols_with_image ppb_pricing_card_with_image\" style=\".pricing_excerpt_wrapper{max-width:80% !important}position:relative;padding:40px 0 40px 0;margin-top:40px;\" >\n<div class=\"standard_wrapper\">\n<div class=\"page_content_wrapper wide\">\n<div class=\"inner\">\n<div class=\"one_half parallax_scroll parallax_text\" style=\"width:40%;position:absolute;padding:40px;z-index:2;block !important;background:#fff;\" data-stellar-ratio=\"1.3\">\n<h2 class=\"ppb_title\" style=\"\">Preisliste<\/h2>\n<div class=\"line_divider_border theme_border\" style=\"width:50px;\"><\/div>\n<div class=\"line_divider_seperator\"><i class=\"fa fa-leaf skin_color\"><\/i><\/div>\n<div class=\"line_divider_border theme_border\" style=\"width:50px;\"><\/div>\n<div class=\"pricing_wrapper themeborder\">\n<div class=\"pricing_title_wrapper\">Medizinisch &#8211; podologische Fu\u00dfpflege<\/div>\n<div class=\"pricing_title_price skin_color\">48.00 \u20ac<\/div>\n<div class=\"pricing_excerpt_wrapper\">40 \u2013 50 Min<\/div>\n<\/div>\n<div class=\"pricing_wrapper themeborder\">\n<div class=\"pricing_title_wrapper\">Exclusive Fu\u00dfpflege<\/div>\n<div class=\"pricing_title_price skin_color\">58.00 \u20ac<\/div>\n<div class=\"pricing_excerpt_wrapper\">50 \u2013 60 Min<\/div>\n<\/div>\n<div class=\"pricing_wrapper themeborder\">\n<div class=\"pricing_title_wrapper\">Fu\u00dfmassage<\/div>\n<div class=\"pricing_title_price skin_color\">22.00 \u20ac<\/div>\n<div class=\"pricing_excerpt_wrapper\">15\u201320 Min<\/div>\n<\/div>\n<div class=\"pricing_wrapper themeborder\">\n<div class=\"pricing_title_wrapper\">Klassische Fu\u00dfpflege<\/div>\n<div class=\"pricing_title_price skin_color\">47.00 \u20ac<\/div>\n<div class=\"pricing_excerpt_wrapper\">30\u201340 Min<\/div>\n<\/div>\n<\/div>\n<div class=\"one_half parallax_scroll_image last\" style=\"width:85%;\">\n<div class=\"image_classic_frame expand\">\n<div class=\"image_wrapper\"><img decoding=\"async\" src=\"https:\/\/klarasfusspflege.com\/wp-content\/uploads\/2026\/03\/Price-2.png\" alt=\"\" class=\"portfolio_img\"\/><\/div>\n<\/div>\n<\/div>\n<p><br class=\"clear\"\/><\/div>\n<\/div>\n<\/div>\n<\/div>\n<div  class=\"one withsmallpadding ppb_header\" style=\"margin-bottom: -40px;text-align:center;padding:0px 0 0px 0;margin-bottom:-30px;\" >\n<div class=\"standard_wrapper\">\n<div class=\"page_content_wrapper wide\">\n<div class=\"inner\">\n<div style=\"margin:auto;width:100%\">\n<h2 class=\"ppb_title\" style=\"\">Ihre Vorteile auf einen Blick<\/h2>\n<\/div>\n<\/div>\n<\/div>\n<\/div>\n<\/div>\n<div class=\"standard_wrapper\">\n<div class=\"one withsmallpadding ppb_line_divider\"  style=\"text-align:center;padding:0px 0 0px 0;margin-top:20px;margin-bottom:20px;\" >\n<div class=\"page_content_wrapper wide\">\n<div class=\"inner\">\n<div class=\"line_divider_border\" style=\"width:100px;\"><\/div>\n<div class=\"line_divider_seperator\"><i class=\"fa fa-leaf\" style=\"color:#efa697;\"><\/i><\/div>\n<div class=\"line_divider_border\" style=\"width:100px;\"><\/div>\n<\/div>\n<\/div>\n<\/div>\n<\/div>\n<div class=\"standard_wrapper\">\n<div  class=\"ppb_image_boxed one_third\" style=\"margin-bottom:20px;\" >\n<div class=\"page_content_wrapper wide\">\n<div class=\"inner\">\n<div class=\"image_boxed_wrapper theme_radius\" style=\"text-align:center;>&#8222;><img decoding=\"async\" src=\"https:\/\/klarasfusspflege.com\/wp-content\/uploads\/2026\/02\/doctor-podiatrist-examines-foot_443598-2400.avif\" alt=\"\"\/><\/p>\n<div class=\"image_boxed_content\" style=\"padding:30px;\">\n<h3>Pers\u00f6nliche Betreuung<\/h3>\n<p>Als Inhaberin und Behandlerin begleite ich Sie individuell und mit viel Sorgfalt. Jede Behandlung wird auf Ihre Bed\u00fcrfnisse abgestimmt.<\/p>\n<\/div>\n<\/div>\n<\/div>\n<\/div>\n<\/div>\n<\/div>\n<div class=\"standard_wrapper\">\n<div  class=\"ppb_image_boxed one_third\" style=\"margin-bottom:20px;\" >\n<div class=\"page_content_wrapper wide\">\n<div class=\"inner\">\n<div class=\"image_boxed_wrapper theme_radius\" style=\"text-align:center;>&#8222;><img decoding=\"async\" src=\"https:\/\/klarasfusspflege.com\/wp-content\/uploads\/2026\/03\/orthopedic-insole-orthopedist-works-with-patient-o.webp\" alt=\"\"\/><\/p>\n<div class=\"image_boxed_content\" style=\"padding:30px;\">\n<h3>Medizinische Kompetenz<\/h3>\n<p class=\"service-description\">\n  Fachgerechte Fu\u00dfpflege nach h\u00f6chsten Hygiene- und Qualit\u00e4tsstandards \u2013 f\u00fcr gesunde F\u00fc\u00dfe und nachhaltige Ergebnisse.\n<\/p>\n<\/div>\n<\/div>\n<\/div>\n<\/div>\n<\/div>\n<\/div>\n<div class=\"standard_wrapper\">\n<div  class=\"ppb_image_boxed one_third last\" style=\"margin-bottom:20px;\" >\n<div class=\"page_content_wrapper wide\">\n<div class=\"inner\">\n<div class=\"image_boxed_wrapper theme_radius\" style=\"text-align:center;>&#8222;><img decoding=\"async\" src=\"https:\/\/klarasfusspflege.com\/wp-content\/uploads\/2026\/02\/orthopedic-insole-orthopedist-works-with-patient-orthopedic-clinic-choice-insoles-orthopedic-clinic-orthopedist-offers-insole-patient-foot-care_308547-10599.avif\" alt=\"\"\/><\/p>\n<div class=\"image_boxed_content\" style=\"padding:30px;\">\n<h3>Entspannung &#038; Wohlbefinden<\/h3>\n<p>In ruhiger Atmosph\u00e4re genie\u00dfen Sie eine Auszeit vom Alltag \u2013 mit wohltuenden Anwendungen f\u00fcr K\u00f6rper und Seele.<\/p>\n<\/div>\n<\/div>\n<\/div>\n<\/div>\n<\/div>\n<\/div>\n<div  class=\"one withsmallpadding ppb_header parallax withbg\" style=\"background-image:url(https:\/\/klarasfusspflege.com\/wp-content\/uploads\/2026\/02\/2148766543-1.jpg);background-position: center top;text-align:center;padding:250px 0 250px 0;color:#ffffff;\" >\n<div class=\"overlay_background\" style=\"background:#000000;background:rgb(0,0,0,0.3);background:rgba(0,0,0,0.3);\"><\/div>\n<div class=\"standard_wrapper\">\n<div class=\"page_content_wrapper wide\">\n<div class=\"inner\">\n<div style=\"margin:auto;width:100%\">\n<h2 class=\"ppb_title\" style=\"color:#ffffff;\">Gesunde F\u00fc\u00dfe. Professionelle Pflege.<\/h2>\n<div class=\"page_tagline\" style=\"color:#ffffff;\">Pr\u00e4zision, Hygiene und individuelle Betreuung f\u00fcr langfristige Fu\u00dfgesundheit.<\/div>\n<\/div>\n<\/div>\n<\/div>\n<\/div>\n<\/div>\n<div  class=\"ppb_image_half_boxed_fixed_width one\" style=\"margin-top:30px;margin-bottom:40px;\" >\n<div class=\"standard_wrapper\">\n<div class=\"page_content_wrapper wide\">\n<div class=\"inner\" style=\"height:565px;\">\n<div class=\"one_half content_middle fixed parallax_text\" style=\"padding:40px; text-align:left;\">\n<div class=\"content_middle_wrapper\">\n<div class=\"content_middle_content\">\n<h2 class=\"ppb_title\" style=\"color:#333333;\">\u00dcber Klara<\/h2>\n<div class=\"ppb_header_content\">\n<p>Als ausgebildete Fachkraft f\u00fcr medizinische Fu\u00dfpflege begleite ich meine Kundinnen und Kunden pers\u00f6nlich und mit gro\u00dfer Sorgfalt. Mein Ziel ist es, Gesundheit, Pr\u00e4zision und Wohlbefinden in jeder Behandlung zu vereinen.<\/p>\n<p><a class=\"readmore\" href=\"https:\/\/klarasfusspflege.com\/en\/uber-mich\/\">Mehr \u00fcber mich<\/a><\/p>\n<\/div>\n<\/div>\n<\/div>\n<\/div>\n<div class=\"one_half content_middle parallax_text last\" style=\"background-image:url(https:\/\/klarasfusspflege.com\/wp-content\/uploads\/2026\/03\/Untitled-design-1.png)\"><\/div>\n<p><br class=\"clear\"\/><\/div>\n<\/div>\n<\/div>\n<\/div>\n<div  class=\"ppb_image_half_boxed_fixed_width one\" style=\"margin-bottom:20px;\" >\n<div class=\"standard_wrapper\">\n<div class=\"page_content_wrapper wide\">\n<div class=\"inner\" style=\"height:420px;\">\n<div class=\"one_half content_middle parallax_text\" style=\"background-image:url(https:\/\/klarasfusspflege.com\/wp-content\/uploads\/2026\/02\/60947199_2307.q802.015.P.m009.c25.podiatry-foot-disease-flat-set.png)\"><\/div>\n<div class=\"one_half last content_middle fixed parallax_text\" style=\"padding:30px;text-align:left; \">\n<div class=\"content_middle_wrapper\">\n<div class=\"content_middle_content\">\n<h2 class=\"ppb_title\" style=\"\">Fragen?<\/h2>\n<div class=\"ppb_header_content\">\n<p>Sie haben Fragen zu Behandlungen, Abl\u00e4ufen oder Terminvereinbarungen? In unserem FAQ-Bereich finden Sie Antworten zu Dauer, Hygiene, medizinischen Besonderheiten und weiteren wichtigen Informationen rund um Ihren Besuch.<\/p>\n<p><a class=\"readmore\" href=\"https:\/\/klarasfusspflege.com\/en\/faq\/\">Zu den FAQs<\/a><\/p>\n<\/div>\n<\/div>\n<\/div>\n<\/div>\n<p><br class=\"clear\"\/><\/div>\n<\/div>\n<\/div>\n<\/div>","protected":false},"excerpt":{"rendered":"<p>T\u00e4glich ge\u00f6ffnet von 09:00 bis 17:00 Uhr Termine pr\u00fcfen Entdecken Sie die Kraft der Entspannung G\u00f6nnen Sie sich eine wohltuende Auszeit vom Alltag. Meine professionelle Fu\u00df-Massage l\u00f6st Verspannungen, f\u00f6rdern die Durchblutung und schenken Ihrem K\u00f6rper neue Leichtigkeit und Balance \u2013 [&hellip;]<\/p>\n","protected":false},"author":1,"featured_media":0,"parent":0,"menu_order":0,"comment_status":"closed","ping_status":"closed","template":"","meta":{"footnotes":""},"class_list":["post-3232","page","type-page","status-publish","hentry"],"yoast_head":"<!-- This site is optimized with the Yoast SEO plugin v27.4 - https:\/\/yoast.com\/product\/yoast-seo-wordpress\/ -->\n<title>Startseite - Klaras Fusspflege<\/title>\n<meta name=\"robots\" content=\"index, follow, max-snippet:-1, max-image-preview:large, max-video-preview:-1\" \/>\n<link rel=\"canonical\" href=\"https:\/\/klarasfusspflege.com\/en\/\" \/>\n<meta property=\"og:locale\" content=\"en_GB\" \/>\n<meta property=\"og:type\" content=\"article\" \/>\n<meta property=\"og:title\" content=\"Startseite - Klaras Fusspflege\" \/>\n<meta property=\"og:description\" content=\"T\u00e4glich ge\u00f6ffnet von 09:00 bis 17:00 Uhr Termine pr\u00fcfen Entdecken Sie die Kraft der Entspannung G\u00f6nnen Sie sich eine wohltuende Auszeit vom Alltag. Meine professionelle Fu\u00df-Massage l\u00f6st Verspannungen, f\u00f6rdern die Durchblutung und schenken Ihrem K\u00f6rper neue Leichtigkeit und Balance \u2013 [&hellip;]\" \/>\n<meta property=\"og:url\" content=\"https:\/\/klarasfusspflege.com\/en\/\" \/>\n<meta property=\"og:site_name\" content=\"Klaras Fusspflege\" \/>\n<meta property=\"article:publisher\" content=\"https:\/\/www.facebook.com\/share\/18RgAY9kF9\/?mibextid=wwXIfr\" \/>\n<meta property=\"article:modified_time\" content=\"2026-03-19T23:59:41+00:00\" \/>\n<meta property=\"og:image\" content=\"https:\/\/klarasfusspflege.com\/wp-content\/uploads\/2026\/02\/Servies-Homepage.webp\" \/>\n<meta name=\"twitter:card\" content=\"summary_large_image\" \/>\n<meta name=\"twitter:label1\" content=\"Estimated reading time\" \/>\n\t<meta name=\"twitter:data1\" content=\"3 minutes\" \/>\n<script type=\"application\/ld+json\" class=\"yoast-schema-graph\">{\"@context\":\"https:\\\/\\\/schema.org\",\"@graph\":[{\"@type\":\"WebPage\",\"@id\":\"https:\\\/\\\/klarasfusspflege.com\\\/\",\"url\":\"https:\\\/\\\/klarasfusspflege.com\\\/\",\"name\":\"Startseite - Klaras Fusspflege\",\"isPartOf\":{\"@id\":\"https:\\\/\\\/klarasfusspflege.com\\\/#website\"},\"primaryImageOfPage\":{\"@id\":\"https:\\\/\\\/klarasfusspflege.com\\\/#primaryimage\"},\"image\":{\"@id\":\"https:\\\/\\\/klarasfusspflege.com\\\/#primaryimage\"},\"thumbnailUrl\":\"https:\\\/\\\/klarasfusspflege.com\\\/wp-content\\\/uploads\\\/2026\\\/02\\\/Servies-Homepage.webp\",\"datePublished\":\"2017-06-08T09:34:41+00:00\",\"dateModified\":\"2026-03-19T23:59:41+00:00\",\"breadcrumb\":{\"@id\":\"https:\\\/\\\/klarasfusspflege.com\\\/#breadcrumb\"},\"inLanguage\":\"en-GB\",\"potentialAction\":[{\"@type\":\"ReadAction\",\"target\":[\"https:\\\/\\\/klarasfusspflege.com\\\/\"]}]},{\"@type\":\"ImageObject\",\"inLanguage\":\"en-GB\",\"@id\":\"https:\\\/\\\/klarasfusspflege.com\\\/#primaryimage\",\"url\":\"https:\\\/\\\/klarasfusspflege.com\\\/wp-content\\\/uploads\\\/2026\\\/02\\\/Servies-Homepage.webp\",\"contentUrl\":\"https:\\\/\\\/klarasfusspflege.com\\\/wp-content\\\/uploads\\\/2026\\\/02\\\/Servies-Homepage.webp\"},{\"@type\":\"BreadcrumbList\",\"@id\":\"https:\\\/\\\/klarasfusspflege.com\\\/#breadcrumb\",\"itemListElement\":[{\"@type\":\"ListItem\",\"position\":1,\"name\":\"Home\",\"item\":\"https:\\\/\\\/klarasfusspflege.com\\\/\"},{\"@type\":\"ListItem\",\"position\":2,\"name\":\"Startseite\"}]},{\"@type\":\"WebSite\",\"@id\":\"https:\\\/\\\/klarasfusspflege.com\\\/#website\",\"url\":\"https:\\\/\\\/klarasfusspflege.com\\\/\",\"name\":\"Klaras Fusspflege\",\"description\":\"\",\"publisher\":{\"@id\":\"https:\\\/\\\/klarasfusspflege.com\\\/#\\\/schema\\\/person\\\/db294c168d9a9cb24edc2e69f3e8c487\"},\"potentialAction\":[{\"@type\":\"SearchAction\",\"target\":{\"@type\":\"EntryPoint\",\"urlTemplate\":\"https:\\\/\\\/klarasfusspflege.com\\\/?s={search_term_string}\"},\"query-input\":{\"@type\":\"PropertyValueSpecification\",\"valueRequired\":true,\"valueName\":\"search_term_string\"}}],\"inLanguage\":\"en-GB\"},{\"@type\":[\"Person\",\"Organization\"],\"@id\":\"https:\\\/\\\/klarasfusspflege.com\\\/#\\\/schema\\\/person\\\/db294c168d9a9cb24edc2e69f3e8c487\",\"name\":\"klarasfusspflege\",\"image\":{\"@type\":\"ImageObject\",\"inLanguage\":\"en-GB\",\"@id\":\"https:\\\/\\\/klarasfusspflege.com\\\/wp-content\\\/uploads\\\/2026\\\/02\\\/Logo-Final-Klara-Fuboase-Dark.png\",\"url\":\"https:\\\/\\\/klarasfusspflege.com\\\/wp-content\\\/uploads\\\/2026\\\/02\\\/Logo-Final-Klara-Fuboase-Dark.png\",\"contentUrl\":\"https:\\\/\\\/klarasfusspflege.com\\\/wp-content\\\/uploads\\\/2026\\\/02\\\/Logo-Final-Klara-Fuboase-Dark.png\",\"width\":827,\"height\":356,\"caption\":\"klarasfusspflege\"},\"logo\":{\"@id\":\"https:\\\/\\\/klarasfusspflege.com\\\/wp-content\\\/uploads\\\/2026\\\/02\\\/Logo-Final-Klara-Fuboase-Dark.png\"},\"sameAs\":[\"https:\\\/\\\/www.facebook.com\\\/share\\\/18RgAY9kF9\\\/?mibextid=wwXIfr\",\"https:\\\/\\\/www.instagram.com\\\/klarasfusspflege\\\/\"]}]}<\/script>\n<!-- \/ Yoast SEO plugin. -->","yoast_head_json":{"title":"Startseite - Klaras Fusspflege","robots":{"index":"index","follow":"follow","max-snippet":"max-snippet:-1","max-image-preview":"max-image-preview:large","max-video-preview":"max-video-preview:-1"},"canonical":"https:\/\/klarasfusspflege.com\/en\/","og_locale":"en_GB","og_type":"article","og_title":"Startseite - Klaras Fusspflege","og_description":"T\u00e4glich ge\u00f6ffnet von 09:00 bis 17:00 Uhr Termine pr\u00fcfen Entdecken Sie die Kraft der Entspannung G\u00f6nnen Sie sich eine wohltuende Auszeit vom Alltag. Meine professionelle Fu\u00df-Massage l\u00f6st Verspannungen, f\u00f6rdern die Durchblutung und schenken Ihrem K\u00f6rper neue Leichtigkeit und Balance \u2013 [&hellip;]","og_url":"https:\/\/klarasfusspflege.com\/en\/","og_site_name":"Klaras Fusspflege","article_publisher":"https:\/\/www.facebook.com\/share\/18RgAY9kF9\/?mibextid=wwXIfr","article_modified_time":"2026-03-19T23:59:41+00:00","og_image":[{"url":"https:\/\/klarasfusspflege.com\/wp-content\/uploads\/2026\/02\/Servies-Homepage.webp","type":"","width":"","height":""}],"twitter_card":"summary_large_image","twitter_misc":{"Estimated reading time":"3 minutes"},"schema":{"@context":"https:\/\/schema.org","@graph":[{"@type":"WebPage","@id":"https:\/\/klarasfusspflege.com\/","url":"https:\/\/klarasfusspflege.com\/","name":"Startseite - Klaras Fusspflege","isPartOf":{"@id":"https:\/\/klarasfusspflege.com\/#website"},"primaryImageOfPage":{"@id":"https:\/\/klarasfusspflege.com\/#primaryimage"},"image":{"@id":"https:\/\/klarasfusspflege.com\/#primaryimage"},"thumbnailUrl":"https:\/\/klarasfusspflege.com\/wp-content\/uploads\/2026\/02\/Servies-Homepage.webp","datePublished":"2017-06-08T09:34:41+00:00","dateModified":"2026-03-19T23:59:41+00:00","breadcrumb":{"@id":"https:\/\/klarasfusspflege.com\/#breadcrumb"},"inLanguage":"en-GB","potentialAction":[{"@type":"ReadAction","target":["https:\/\/klarasfusspflege.com\/"]}]},{"@type":"ImageObject","inLanguage":"en-GB","@id":"https:\/\/klarasfusspflege.com\/#primaryimage","url":"https:\/\/klarasfusspflege.com\/wp-content\/uploads\/2026\/02\/Servies-Homepage.webp","contentUrl":"https:\/\/klarasfusspflege.com\/wp-content\/uploads\/2026\/02\/Servies-Homepage.webp"},{"@type":"BreadcrumbList","@id":"https:\/\/klarasfusspflege.com\/#breadcrumb","itemListElement":[{"@type":"ListItem","position":1,"name":"Home","item":"https:\/\/klarasfusspflege.com\/"},{"@type":"ListItem","position":2,"name":"Startseite"}]},{"@type":"WebSite","@id":"https:\/\/klarasfusspflege.com\/#website","url":"https:\/\/klarasfusspflege.com\/","name":"Klaras Fusspflege","description":"","publisher":{"@id":"https:\/\/klarasfusspflege.com\/#\/schema\/person\/db294c168d9a9cb24edc2e69f3e8c487"},"potentialAction":[{"@type":"SearchAction","target":{"@type":"EntryPoint","urlTemplate":"https:\/\/klarasfusspflege.com\/?s={search_term_string}"},"query-input":{"@type":"PropertyValueSpecification","valueRequired":true,"valueName":"search_term_string"}}],"inLanguage":"en-GB"},{"@type":["Person","Organization"],"@id":"https:\/\/klarasfusspflege.com\/#\/schema\/person\/db294c168d9a9cb24edc2e69f3e8c487","name":"klarasfusspflege","image":{"@type":"ImageObject","inLanguage":"en-GB","@id":"https:\/\/klarasfusspflege.com\/wp-content\/uploads\/2026\/02\/Logo-Final-Klara-Fuboase-Dark.png","url":"https:\/\/klarasfusspflege.com\/wp-content\/uploads\/2026\/02\/Logo-Final-Klara-Fuboase-Dark.png","contentUrl":"https:\/\/klarasfusspflege.com\/wp-content\/uploads\/2026\/02\/Logo-Final-Klara-Fuboase-Dark.png","width":827,"height":356,"caption":"klarasfusspflege"},"logo":{"@id":"https:\/\/klarasfusspflege.com\/wp-content\/uploads\/2026\/02\/Logo-Final-Klara-Fuboase-Dark.png"},"sameAs":["https:\/\/www.facebook.com\/share\/18RgAY9kF9\/?mibextid=wwXIfr","https:\/\/www.instagram.com\/klarasfusspflege\/"]}]}},"_links":{"self":[{"href":"https:\/\/klarasfusspflege.com\/en\/wp-json\/wp\/v2\/pages\/3232","targetHints":{"allow":["GET"]}}],"collection":[{"href":"https:\/\/klarasfusspflege.com\/en\/wp-json\/wp\/v2\/pages"}],"about":[{"href":"https:\/\/klarasfusspflege.com\/en\/wp-json\/wp\/v2\/types\/page"}],"author":[{"embeddable":true,"href":"https:\/\/klarasfusspflege.com\/en\/wp-json\/wp\/v2\/users\/1"}],"replies":[{"embeddable":true,"href":"https:\/\/klarasfusspflege.com\/en\/wp-json\/wp\/v2\/comments?post=3232"}],"version-history":[{"count":95,"href":"https:\/\/klarasfusspflege.com\/en\/wp-json\/wp\/v2\/pages\/3232\/revisions"}],"predecessor-version":[{"id":4021,"href":"https:\/\/klarasfusspflege.com\/en\/wp-json\/wp\/v2\/pages\/3232\/revisions\/4021"}],"wp:attachment":[{"href":"https:\/\/klarasfusspflege.com\/en\/wp-json\/wp\/v2\/media?parent=3232"}],"curies":[{"name":"wp","href":"https:\/\/api.w.org\/{rel}","templated":true}]}}