{"id":4058,"date":"2026-03-23T21:17:33","date_gmt":"2026-03-23T20:17:33","guid":{"rendered":"https:\/\/klarasfusspflege.com\/?page_id=4058"},"modified":"2026-03-23T21:27:37","modified_gmt":"2026-03-23T20:27:37","slug":"impressum-datenschutzerklaerung-agb","status":"publish","type":"page","link":"https:\/\/klarasfusspflege.com\/en\/impressum-datenschutzerklaerung-agb\/","title":{"rendered":"Impressum datenschutzerklaerung agb"},"content":{"rendered":"<p>Impressum \/ Datenschutzerkl\u00e4rung \/ AGB<br \/>\nKlaras Fu\u00dfoase<\/p>\n<p>Konradstra\u00dfe 17, 79100 Freiburg im Breisgau, Germany<\/p>\n<p>Kontakt:<br \/>\nTelefon: +49 176 884298607<br \/>\ninfo@klarasfusspflege.com<br \/>\nUmsatzsteuer-ID:<br \/>\nUSt.Nr. DE\u2009142\u2009074\u2009021<br \/>\nDatenschutzerkl\u00e4rung \/ AGB<br \/>\nDer Schutz und die Sicherheit von pers\u00f6nlichen Daten hat bei uns eine hohe Priorit\u00e4t.<\/p>\n<p>Daher halten wir uns strikt an die Regeln des deutschen Bundesdatenschutzgesetzes (BDSG).<\/p>\n<p>Nachfolgend werden Sie dar\u00fcber informiert, welche Art von Daten erfasst und zu welchem Zweck sie erhoben werden:<\/p>\n<p>1. Daten\u00fcbermittlung \/Datenprotokollierung<\/p>\n<p>Beim Besuch dieser Seite verzeichnet der Web-Server automatisch Log-Files, die keiner bestimmten Person zugeordnet werden k\u00f6nnen.<\/p>\n<p>Diese Daten beinhalten z. B. den Browsertyp und -version, verwendetes Betriebssystem, Referrer URL (die zuvor besuchte Seite),<\/p>\n<p>IP-Adresse des anfragenden Rechners, Zugriffsdatum und -uhrzeit der Serveranfrage und die Dateianfrage des Client (Dateiname und URL).<\/p>\n<p>Diese Daten werden nur zum Zweck der statistischen Auswertung gesammelt. Eine Weitergabe an Dritte, zu kommerziellen oder nichtkommerziellen Zwecken, findet nicht statt.<\/p>\n<p>2. Nutzung pers\u00f6nlicher Daten<\/p>\n<p>Pers\u00f6nliche Daten werden nur erhoben oder verarbeitet, wenn Sie diese Angaben freiwillig, z.B. im Rahmen einer Anfrage mitteilen.<\/p>\n<p>Sofern keine erforderlichen Gr\u00fcnde im Zusammenhang mit einer Gesch\u00e4ftsabwicklung bestehen, k\u00f6nnen Sie jederzeit die zuvor erteilte Genehmigung<\/p>\n<p>Ihrer pers\u00f6nlichen Datenspeicherung mit sofortiger Wirkung schriftlich (z.B. per E-Mail oder per Fax) widerrufen.<\/p>\n<p>Ihre Daten werden nicht an Dritte weitergeben, es sei denn, eine Weitergabe ist aufgrund gesetzlicher Vorschriften erforderlich.<\/p>\n<p>3. Auskunft, \u00c4nderung und L\u00f6schung Ihrer Daten Gem\u00e4\u00df geltendem Recht k\u00f6nnen Sie jederzeit bei uns schriftlich nachfragen,<\/p>\n<p>ob und welche personenbezogenen Daten bei uns \u00fcber Sie gespeichert sind. Eine entsprechende Mitteilung hierzu erhalten Sie umgehend.<\/p>\n<p>4. Sicherheit Ihrer Daten<\/p>\n<p>Ihre uns zur Verf\u00fcgung gestellten pers\u00f6nlichen Daten werden durch Ergreifung aller technischen sowie organisatorischen Sicherheitsma\u00dfnahmen so gesichert, dass sie f\u00fcr den Zugriff unberechtigter Dritter unzug\u00e4nglich sind. Bei Versendung von sehr sensiblen Daten oder Informationen ist es empfehlenswert, den Postweg zu nutzen, da eine vollst\u00e4ndige Datensicherheit per E-Mail nicht gew\u00e4hrleistet werden kann.<\/p>\n<p>5. Hinweis zu Google Analytics<\/p>\n<p>Diese Website benutzt Google Analytics, einen Webanalysedienst der Google Inc. (\u201eGoogle\u201c). Google Analytics verwendet sog. \u201eCookies\u201c, d. h. Textdateien, die auf Ihrem Computer gespeichert werden und die eine Analyse der Benutzung der Website durch Sie erm\u00f6glicht. Die durch den Cookie erzeugten Informationen \u00fcber Ihre Benutzung diese Website (einschlie\u00dflich Ihrer IP-Adresse) wird an einen Server von Google in den USA \u00fcbertragen und dort gespeichert.<\/p>\n<p>Google wird diese Informationen benutzen, um Ihre Nutzung der Website auszuwerten, um Reports \u00fcber die Websiteaktivit\u00e4ten f\u00fcr die Websitebetreiber zusammenzustellen<\/p>\n<p>und um weitere mit der Websitenutzung und der Internetnutzung verbundene Dienstleistungen zu erbringen.<\/p>\n<p>Auch wird Google diese Informationen gegebenenfalls an Dritte \u00fcbertragen, sofern dies gesetzlich vorgeschrieben oder soweit Dritte diese Daten im Auftrag von Google verarbeiten.<\/p>\n<p>Google wird in keinem Fall Ihre IP-Adresse mit anderen Daten der Google in Verbindung bringen. Sie k\u00f6nnen die Installation der Cookies durch eine entsprechende Einstellung Ihrer Browser Software verhindern; wir weisen Sie jedoch darauf hin, dass Sie in diesem Fall gegebenenfalls nicht s\u00e4mtliche Funktionen dieser Website voll umf\u00e4nglich nutzen k\u00f6nnen. Durch die Nutzung dieser Website erkl\u00e4ren Sie sich mit der Bearbeitung der \u00fcber Sie erhobenen Daten durch Google in der zuvor beschriebenen Art und Weise und zu dem zuvor benannten Zweck einverstanden.<\/p>\n<p>6. Cookies<\/p>\n<p>Auf einigen unserer Seiten verwenden wir sog. &#8222;Session-Cookies&#8220;, um Ihnen die Nutzung unserer Webseiten zu erleichtern. Dabei handelt es sich um kleine Textdateien, die nur f\u00fcr die Dauer Ihres Besuchs unserer Webseite auf Ihrer Festplatte hinterlegt und abh\u00e4ngig von der Einstellung Ihres Browser-Programms beim Beenden des Browsers wieder gel\u00f6scht werden. Diese Cookies rufen keine auf Ihrer Festplatte \u00fcber Sie gespeicherten Informationen ab und beeintr\u00e4chtigen nicht Ihren PC oder ihre Dateien.<\/p>\n<p>Die meisten Browser sind so eingestellt, dass sie Cookies automatisch akzeptieren. Sie k\u00f6nnen das Speichern von Cookies jedoch deaktivieren<\/p>\n<p>oder ihren Browser so einstellen, dass er Sie auf die Sendung von Cookies hinweist.<\/p>\n<p>7. \u00c4nderungen dieser Datenschutzbestimmungen<\/p>\n<p>Wir werden diese Richtlinien zum Schutz Ihrer pers\u00f6nlichen Daten von Zeit zu Zeit aktualisieren. Sie sollten sich diese Richtlinien gelegentlich ansehen, um auf dem Laufenden dar\u00fcber zu bleiben, wie wir Ihre Daten sch\u00fctzen und die Inhalte unserer Website stetig verbessern.<\/p>\n<p>Sollten wir wesentliche \u00c4nderungen bei der Sammlung, der Nutzung und\/oder der Weitergabe der uns von Ihnen zur Verf\u00fcgung gestellten<\/p>\n<p>personenbezogenen Daten vornehmen, werden wir Sie durch einen eindeutigen und gut sichtbaren Hinweis auf der Website darauf aufmerksam machen.<\/p>\n<p>Mit der Nutzung der Webseite erkl\u00e4ren Sie sich mit den Bedingungen dieser Richtlinien zum Schutz pers\u00f6nlicher Daten einverstanden.<\/p>\n<p>Bei Fragen zu diesen Datenschutzbestimmungen wenden Sie sich bitte \u00fcber unsere Kontakt-Seite an uns.<\/p>\n<p>Hinweise zum Streitschlichungsverfahren<br \/>\nBeschwerdeverfahren via Online-Streitbeilegung f\u00fcr Verbraucher (OS): http:\/\/ec.europa.eu\/consumers\/odr\/.<br \/>\nWir sind nicht bereit und nicht verpflichtet an einem Streitbeilegungsverfahren vor einer Verbraucherschlichtungsstelle teilzunehmen (VBSG).<\/p>\n<p>AGB Klaras Fusspflege Stand: 11\/2022<\/p>\n<p>Die Allgemeinen Gesch\u00e4ftsbedingungen, g\u00fcltig f\u00fcr das Blumen- und Pflanzenfachgesch\u00e4ft, im Text als Klaras Fusspflege bezeichnet<\/p>\n<p>\u00a7 1 Geltung der Bedingung<\/p>\n<p>Lieferungen, Leistungen und Angebote von Klaras Fusspflege erfolgen ausschlie\u00dflich aufgrund der vorliegenden Gesch\u00e4ftsbedingungen. Abweichende Gesch\u00e4ftsbedingungen der Kunden werden nicht anerkannt.<\/p>\n<p>\u00a7 2 Vertragsabschluss<\/p>\n<p>Werden schriftliche Angebote von Klaras Fusspflege abgegeben, so k\u00f6nnen diese nur innerhalb der darin ausdr\u00fccklich vermerkten Zeit angenommen werden. Abweichungen des Vertrages vom Angebot, \u00c4nderungen und Nebenabreden bed\u00fcrfen der Schriftform.<\/p>\n<p>\u00a7 3 Preise<\/p>\n<p>(1) Die Preise von Klaras Fusspflege verstehen sich gegen\u00fcber Verbrauchern einschlie\u00dflich der g\u00fcltigen Umsatzsteuer. Zusatzleistungen, die \u00fcber den eigentlichen Pflanzen- und Blumenverkauf hinausgehen, sind gesondert zu verg\u00fcten. Dazu geh\u00f6ren insbesondere Anlieferungen, Versand, Extrabeiwerk, Sonderverpackungen, Karten, \u00c4nderungen von Gebinden, Materialien, Arrangieren an drittem Ort.<\/p>\n<p>(2) Liegen zwischen der Bestellung und der Lieferung mehr als vier Monate, bleibt eine Preisanpassung durch Klaras Fusspflege entsprechend den zwischenzeitlich ge\u00e4nderten Marktpreisen (Einkaufspreisen) vorbehalten, wenn genau bestimmte Blumen oder Pflanzen Gegenstand des Vertrages sind. Klaras Fusspflege kann einen h\u00f6heren als den urspr\u00fcnglich vereinbarten Preis nur dann fordern, wenn es den Kunden sp\u00e4testens 10 Tage vor Lieferung \u00fcber die Preisanpassung informiert.<\/p>\n<p>(3) Erh\u00f6ht sich der Preis im Fall des Abs. 2 gegen\u00fcber dem Zeitpunkt der Bestellung um mehr als 10%, ist der Kunde berechtigt, binnen drei Tagen nach Empfang der Information \u00fcber die Preiserh\u00f6hung vom Vertrag zur\u00fcckzutreten.<\/p>\n<p>(<\/p>\n<p>\u00a7 4 F\u00e4lligkeit<\/p>\n<p>Die Lieferungen von Klaras Fusspflege sind bei \u00dcbergabe der Ware bar zu verg\u00fcten, sofern nicht etwas anderes vereinbart ist. <\/p>\n<p>\u00a7 5 Stornierung von Auftr\u00e4gen<\/p>\n<p>(1) Die Stornierung von Auftr\u00e4gen bedarf der Schriftform.<\/p>\n<p>(2) Im Falle der Stornierung eines Auftrages durch den Kunden hat Klaras Fusspflege gegen\u00fcber dem Kunden Anspruch auf folgende pauschale Verg\u00fctung, sofern die Stornierung nicht durch Klaras Fusspflege zu vertreten ist:<br \/>\nK\u00fcndigung bis 4 Wochen vor dem vereinbarten Liefertermin: 10% des vereinbarten Entgelts,<br \/>\nK\u00fcndigung bis 2 Wochen vor dem vereinbarten Liefertermin: 25% des vereinbarten Entgelts,<br \/>\nK\u00fcndigung bis 1 Woche vor dem vereinbarten Liefertermin: 50% des vereinbarten Entgelts,<br \/>\nK\u00fcndigung bis 3 Tage vor dem vereinbarten Liefertermin: 75% des vereinbarten Entgelts,<br \/>\ndanach: 100% des vereinbarten Entgelts.<\/p>\n<p>Der Anspruch von Klaras Fusspflege auf Ersatz eines weitergehenden Schadens ist dadurch nicht ausgeschlossen.<\/p>\n<p>(3) Der Anspruch auf die pauschale Verg\u00fctung nach Abs. 2 besteht nicht, soweit der Kunde nachweist, dass Klaras Fusspflege durch die Stornierung des Auftrages kein Schaden oder ein wesentlich niedrigerer Schaden als die pauschale Verg\u00fctung entstanden ist.<\/p>\n<p>(4) Die Abs. 2 und 3 gelten auch f\u00fcr den Fall der K\u00fcndigung aus wichtigem Grund durch Klaras Fusspflege.<\/p>\n<p>\u00a7 6 Lieferung und Gefahrtragung<\/p>\n<p>(1) Die Lieferung erfolgt ab Sitz von Klaras Fusspflege. Im Falle einer abweichenden Vereinbarung erfolgt der Transport zum Bestimmungsort auf Kosten und Gefahr des Kunden. Die Lieferung geht mit der \u00dcbergabe bzw. der Versendung auf den Kunden \u00fcber und zwar auch dann, wenn der Verk\u00e4ufer den Transport mit eigenen Fahrzeugen oder sonstigen Beauftragten vornimmt. Eine Transportversicherung wird seitens des Verk\u00e4ufers nur auf Vereinbarung mit dem Kunden abgeschlossen.<\/p>\n<p>(2) Abs. 1 gilt nicht, wenn Klaras Fusspflege aufgrund des Vertrages zur Erf\u00fcllung weiterer Leistungen am Bestimmungsort verpflichtet ist. In diesem Fall ist der Kunde verpflichtet, die Ware am vereinbarten Tag selbst abzunehmen oder zumindest f\u00fcr die Abnahme der Ware anderweitig Sorge zu tragen.<\/p>\n<p>(3) Mit der \u00dcbergabe der Ware geht die Gefahr des zuf\u00e4lligen Untergangs und der zuf\u00e4lligen Verschlechterung auf den K\u00e4ufer \u00fcber. Der \u00dcbergabe steht es gleich, wenn der K\u00e4ufer mit der Annahme in Verzug ist.<\/p>\n<p>(4) Lieferfristen sind unverbindlich, es sei denn sie sind ausdr\u00fccklich als verbindlich bezeichnet. Befindet sich der Kunde mit seiner Zahlungsverpflichtung in Verzug oder liegen sonstige Umst\u00e4nde vor, die nicht vom Verk\u00e4ufer zu vertreten sind, kann die Einhaltung der Lieferfrist nicht verlangt werden.<\/p>\n<p>(5) 7 Tage nach Ablauf der unverbindlichen Lieferfrist kann der Kunde den Verk\u00e4ufer schriftlich auffordern, binnen einer angemessenen Frist zu liefern. Wird auch dieser Termin \u00fcberschritten, ist der Kunde berechtigt, eine angemessene Nachfrist zu setzen und bei erfolglosem Ablauf der Nachfrist vom Kaufvertrag zur\u00fcckzutreten.<\/p>\n<p>(6) Klaras Fusspflege haftet bei unvollst\u00e4ndiger oder falscher Angabe der Lieferanschrift nur bei grober Fahrl\u00e4ssigkeit oder Vorsatz.<\/p>\n<p>\u00a7 7 Miete und Leihe<\/p>\n<p>(1) Waren, die nicht vom Kunden gekauft werden und daher beim Kunden verbleiben, werden dem Kunden insbesondere f\u00fcr Veranstaltungen entweder zur Miete oder leihweise vor\u00fcbergehend \u00fcberlassen und bleiben im Eigentum von Klaras Fusspflege. Diese Gegenst\u00e4nde sind vom Kunden sorgf\u00e4ltig zu behandeln und Klaras Fusspflege nach Ende der Veranstaltung umgehend zur\u00fcckzugeben.<\/p>\n<p>(2) Bei Verlust, Besch\u00e4digung oder Zerst\u00f6rung vor\u00fcbergehend \u00fcberlassener Gegenst\u00e4nde ist der Kunde zum vollen Ersatz in H\u00f6he der Wiederbeschaffungs- oder Wiederherstellungskosten verpflichtet.<\/p>\n<p>\u00a7 8 Gew\u00e4hrleistung<\/p>\n<p>(1) Blumen sind Naturprodukte. Hat der Kunde Waren vorausbestellt, so k\u00f6nnen die gelieferten Blumen und Pflanzen in Struktur und Farbe daher gegen\u00fcber den besichtigten Blumen und Pflanzen abweichen, soweit dies handels\u00fcblich ist und wenn nicht ausdr\u00fccklich eine spezielle Vereinbarung \u00fcber Sorte und\/oder Farbe der Blumen und Pflanzen getroffen wurde. Produktbeschreibungen sind nicht als Zusicherung einer bestimmten Eigenschaft oder als Garantie zu verstehen.<\/p>\n<p>(2) Die Auswahl der gelieferten Waren erfolgt ausschlie\u00dflich durch Klaras Fusspflege, wenn nicht ausdr\u00fccklich eine spezielle Vereinbarung \u00fcber Sorte und\/oder Farbe der Blumen und Pflanzen getroffen wurde.<\/p>\n<p>(3) Sofern der Kunde Unternehmer oder eine juristische Person des \u00f6ffentlichen Rechts ist, ist er verpflichtet, die Ware unverz\u00fcglich nach Lieferung zu pr\u00fcfen und M\u00e4ngel umgehend, sp\u00e4testens aber binnen 24 Stunden nach Lieferung, mitzuteilen, um eine Nacherf\u00fcllung zu erm\u00f6glichen. Der Mitteilung ist nach M\u00f6glichkeit ein Nachweis, insbesondere durch Fotos, anzuf\u00fcgen.<\/p>\n<p>(4) Die Gew\u00e4hrleistung ist ausgeschlossen, wenn M\u00e4ngel an der gelieferten Ware auf deren nat\u00fcrliche Beschaffenheit, auf nat\u00fcrliche Abnutzung oder auf unsachgem\u00e4\u00dfe Behandlung, z.B. durch Trockenheit oder starke Erw\u00e4rmung, zur\u00fcckzuf\u00fchren sind.<\/p>\n<p>(5) Ist die gelieferte Ware mangelhaft, kann der K\u00e4ufer nach seiner Wahl Nacherf\u00fcllung in Form der Beseitigung des Mangels (Nachbesserung) oder der Lieferung mangelfreier Ware (Ersatzlieferung) verlangen. Klaras Fusspflege kann die vom K\u00e4ufer gew\u00e4hlte Art der Nacherf\u00fcllung verweigern, wenn sie nur mit unverh\u00e4ltnism\u00e4\u00dfigen Kosten m\u00f6glich ist. Der Anspruch des K\u00e4ufers beschr\u00e4nkt sich in diesem Fall auf die andere Art der Nacherf\u00fcllung. Das Recht Klaras Fusspflege, auch diese zu verweigern, sofern sie nur mit unverh\u00e4ltnism\u00e4\u00dfigen Kosten m\u00f6glich ist, bleibt unber\u00fchrt.<\/p>\n<p>(6) Eine Nachbesserung gilt nach dem erfolglosen zweiten Versuch als fehlgeschlagen. Bei Fehlschlagen von Nachbesserung oder Ersatzlieferung ist der K\u00e4ufer berechtigt, nach seiner Wahl Herabsetzung des Kaufpreises zu verlangen oder vom Vertrag zur\u00fcckzutreten. Bei Zahlung mit einer Kreditkarte erfolgt keine Bargeldauszahlung, sondern eine R\u00fcckbuchung bei dem Kreditkartenunternehmen.<\/p>\n<p>\u00a7 9 Workshops<\/p>\n<p>Kursanmeldungen gelten als verbindlich. Anmeldungen werden in der Reihenfolge des Zahlungseingang ber\u00fccksichtigt.<\/p>\n<p>Nach erfolgter Anmeldung erh\u00e4lt der Kunde eine schriftliche Best\u00e4tigung per Email. Die gesamten Kurskosten sind vor Kursbeginn per Bank\u00fcberweisung\/Kreditkarte zu begleichen.<\/p>\n<p>Absagen des Kurses sind bis 5 Tage vorher m\u00f6glich. Eine Stornierungsgeb\u00fchr in H\u00f6he von 20% wird dann erhoben.<\/p>\n<p>\u00a7 10 Haftung<\/p>\n<p>(1) Die Haftung von Klaras Fusspflege wird auf die F\u00e4lle des Vorsatzes und der groben Fahrl\u00e4ssigkeit beschr\u00e4nkt. Von dieser Haftungsbeschr\u00e4nkung ausgenommen ist jedoch die Haftung wegen schuldhafter Verletzung des Lebens, des K\u00f6rpers oder der Gesundheit. Ebenso unber\u00fchrt bleibt die zwingende Haftung nach dem Produkthaftungsgesetz, wegen \u00dcbernahme einer Garantie f\u00fcr die Beschaffenheit einer Sache sowie wegen der Verletzung vertragswesentlicher Pflichten.<\/p>\n<p>(2) Von Klaras Fusspflege gelieferte Keramiken k\u00f6nnen aufgrund ihrer nat\u00fcrlichen Porosit\u00e4t Wasser aufnehmen; sie sind nicht wasserdicht, sondern mehr oder weniger wasserdurchl\u00e4ssig. Klaras Fusspflege haftet f\u00fcr Sch\u00e4den, die durch aus Keramiken austretendes Wasser entstehen, nur nach Ma\u00dfgabe des Abs. 1.<\/p>\n<p>(3) Von Klaras Fusspflege gelieferter Auto-\/Fahrzeugschmuck wird nur auf ausdr\u00fccklichen Wunsch des Kunden am Fahrzeug befestigt. Klaras Fusspflege haftet f\u00fcr Sch\u00e4den am Fahrzeug nur nach Ma\u00dfgabe des Abs. 1.<\/p>\n<p>(4) Klaras Fusspflege haftet nicht f\u00fcr Sch\u00e4den, die dadurch entstehen, dass angesteckte oder anderweitig angebrachte Ware durch den Kunden oder Dritte unsachgem\u00e4\u00df entfernt wird.<\/p>\n<p>\u00a7 11 Eigentumsvorbehalt<\/p>\n<p>Bis zur vollst\u00e4ndigen Bezahlung des Kaufpreises bleibt die Ware Eigentum des Inhabers von Klaras Fusspflege .<\/p>\n<p>\u00a7 12 Erf\u00fcllungsort und Gerichtsstand<\/p>\n<p>Sofern der Kunde Unternehmer oder eine juristische Person des \u00f6ffentlichen Rechts ist, ist der Sitz von Klaras Fusspflege Erf\u00fcllungsort f\u00fcr alle vertraglichen Verpflichtungen und Gerichtsstand f\u00fcr s\u00e4mtliche Streitigkeiten aus dem Vertrag.<\/p>\n<p>\u00a7 13 Geltungserhaltung<\/p>\n<p>F\u00fcr den Fall, dass einzelne Bestimmungen des Vertrages oder dieser Allgemeinen Gesch\u00e4ftsbedingungen unwirksam sind oder werden, ber\u00fchrt dies die Geltung der \u00fcbrigen Regelungen nicht. An Stelle der unwirksamen Regelungen treten die gesetzlichen Regelungen.<\/p>\n<p>\u00a7 14 Streitbeilegung<\/p>\n<p>Klaras Fusspflege nimmt an keinem Streitbeilegungsverfahren vor einer Verbraucherschlichtungsstelle im Sinne des VSBG teil. Eine gesetzliche Verpflichtung hierzu besteht nicht.<\/p>","protected":false},"excerpt":{"rendered":"<p>Impressum \/ Datenschutzerkl\u00e4rung \/ AGB Klaras Fu\u00dfoase Konradstra\u00dfe 17, 79100 Freiburg im Breisgau, Germany Kontakt: Telefon: +49 176 884298607 info@klarasfusspflege.com Umsatzsteuer-ID: USt.Nr. DE\u2009142\u2009074\u2009021 Datenschutzerkl\u00e4rung \/ AGB Der Schutz und die Sicherheit von pers\u00f6nlichen Daten hat bei uns eine hohe Priorit\u00e4t. [&hellip;]<\/p>\n","protected":false},"author":1,"featured_media":0,"parent":0,"menu_order":0,"comment_status":"closed","ping_status":"closed","template":"","meta":{"footnotes":""},"class_list":["post-4058","page","type-page","status-publish","hentry"],"yoast_head":"<!-- This site is optimized with the Yoast SEO plugin v27.4 - https:\/\/yoast.com\/product\/yoast-seo-wordpress\/ -->\n<title>Impressum datenschutzerklaerung agb - Klaras Fusspflege<\/title>\n<meta name=\"robots\" content=\"index, follow, max-snippet:-1, max-image-preview:large, max-video-preview:-1\" \/>\n<link rel=\"canonical\" href=\"https:\/\/klarasfusspflege.com\/en\/impressum-datenschutzerklaerung-agb\/\" \/>\n<meta property=\"og:locale\" content=\"en_GB\" \/>\n<meta property=\"og:type\" content=\"article\" \/>\n<meta property=\"og:title\" content=\"Impressum datenschutzerklaerung agb - Klaras Fusspflege\" \/>\n<meta property=\"og:description\" content=\"Impressum \/ Datenschutzerkl\u00e4rung \/ AGB Klaras Fu\u00dfoase Konradstra\u00dfe 17, 79100 Freiburg im Breisgau, Germany Kontakt: Telefon: +49 176 884298607 info@klarasfusspflege.com Umsatzsteuer-ID: USt.Nr. DE\u2009142\u2009074\u2009021 Datenschutzerkl\u00e4rung \/ AGB Der Schutz und die Sicherheit von pers\u00f6nlichen Daten hat bei uns eine hohe Priorit\u00e4t. [&hellip;]\" \/>\n<meta property=\"og:url\" content=\"https:\/\/klarasfusspflege.com\/en\/impressum-datenschutzerklaerung-agb\/\" \/>\n<meta property=\"og:site_name\" content=\"Klaras Fusspflege\" \/>\n<meta property=\"article:publisher\" content=\"https:\/\/www.facebook.com\/share\/18RgAY9kF9\/?mibextid=wwXIfr\" \/>\n<meta property=\"article:modified_time\" content=\"2026-03-23T20:27:37+00:00\" \/>\n<meta name=\"twitter:card\" content=\"summary_large_image\" \/>\n<script type=\"application\/ld+json\" class=\"yoast-schema-graph\">{\"@context\":\"https:\\\/\\\/schema.org\",\"@graph\":[{\"@type\":\"WebPage\",\"@id\":\"https:\\\/\\\/klarasfusspflege.com\\\/impressum-datenschutzerklaerung-agb\\\/\",\"url\":\"https:\\\/\\\/klarasfusspflege.com\\\/impressum-datenschutzerklaerung-agb\\\/\",\"name\":\"Impressum datenschutzerklaerung agb - Klaras Fusspflege\",\"isPartOf\":{\"@id\":\"https:\\\/\\\/klarasfusspflege.com\\\/#website\"},\"datePublished\":\"2026-03-23T20:17:33+00:00\",\"dateModified\":\"2026-03-23T20:27:37+00:00\",\"breadcrumb\":{\"@id\":\"https:\\\/\\\/klarasfusspflege.com\\\/impressum-datenschutzerklaerung-agb\\\/#breadcrumb\"},\"inLanguage\":\"en-GB\",\"potentialAction\":[{\"@type\":\"ReadAction\",\"target\":[\"https:\\\/\\\/klarasfusspflege.com\\\/impressum-datenschutzerklaerung-agb\\\/\"]}]},{\"@type\":\"BreadcrumbList\",\"@id\":\"https:\\\/\\\/klarasfusspflege.com\\\/impressum-datenschutzerklaerung-agb\\\/#breadcrumb\",\"itemListElement\":[{\"@type\":\"ListItem\",\"position\":1,\"name\":\"Home\",\"item\":\"https:\\\/\\\/klarasfusspflege.com\\\/\"},{\"@type\":\"ListItem\",\"position\":2,\"name\":\"Impressum datenschutzerklaerung agb\"}]},{\"@type\":\"WebSite\",\"@id\":\"https:\\\/\\\/klarasfusspflege.com\\\/#website\",\"url\":\"https:\\\/\\\/klarasfusspflege.com\\\/\",\"name\":\"Klaras Fusspflege\",\"description\":\"\",\"publisher\":{\"@id\":\"https:\\\/\\\/klarasfusspflege.com\\\/#\\\/schema\\\/person\\\/db294c168d9a9cb24edc2e69f3e8c487\"},\"potentialAction\":[{\"@type\":\"SearchAction\",\"target\":{\"@type\":\"EntryPoint\",\"urlTemplate\":\"https:\\\/\\\/klarasfusspflege.com\\\/?s={search_term_string}\"},\"query-input\":{\"@type\":\"PropertyValueSpecification\",\"valueRequired\":true,\"valueName\":\"search_term_string\"}}],\"inLanguage\":\"en-GB\"},{\"@type\":[\"Person\",\"Organization\"],\"@id\":\"https:\\\/\\\/klarasfusspflege.com\\\/#\\\/schema\\\/person\\\/db294c168d9a9cb24edc2e69f3e8c487\",\"name\":\"klarasfusspflege\",\"image\":{\"@type\":\"ImageObject\",\"inLanguage\":\"en-GB\",\"@id\":\"https:\\\/\\\/klarasfusspflege.com\\\/wp-content\\\/uploads\\\/2026\\\/02\\\/Logo-Final-Klara-Fuboase-Dark.png\",\"url\":\"https:\\\/\\\/klarasfusspflege.com\\\/wp-content\\\/uploads\\\/2026\\\/02\\\/Logo-Final-Klara-Fuboase-Dark.png\",\"contentUrl\":\"https:\\\/\\\/klarasfusspflege.com\\\/wp-content\\\/uploads\\\/2026\\\/02\\\/Logo-Final-Klara-Fuboase-Dark.png\",\"width\":827,\"height\":356,\"caption\":\"klarasfusspflege\"},\"logo\":{\"@id\":\"https:\\\/\\\/klarasfusspflege.com\\\/wp-content\\\/uploads\\\/2026\\\/02\\\/Logo-Final-Klara-Fuboase-Dark.png\"},\"sameAs\":[\"https:\\\/\\\/www.facebook.com\\\/share\\\/18RgAY9kF9\\\/?mibextid=wwXIfr\",\"https:\\\/\\\/www.instagram.com\\\/klarasfusspflege\\\/\"]}]}<\/script>\n<!-- \/ Yoast SEO plugin. -->","yoast_head_json":{"title":"Impressum datenschutzerklaerung agb - Klaras Fusspflege","robots":{"index":"index","follow":"follow","max-snippet":"max-snippet:-1","max-image-preview":"max-image-preview:large","max-video-preview":"max-video-preview:-1"},"canonical":"https:\/\/klarasfusspflege.com\/en\/impressum-datenschutzerklaerung-agb\/","og_locale":"en_GB","og_type":"article","og_title":"Impressum datenschutzerklaerung agb - Klaras Fusspflege","og_description":"Impressum \/ Datenschutzerkl\u00e4rung \/ AGB Klaras Fu\u00dfoase Konradstra\u00dfe 17, 79100 Freiburg im Breisgau, Germany Kontakt: Telefon: +49 176 884298607 info@klarasfusspflege.com Umsatzsteuer-ID: USt.Nr. DE\u2009142\u2009074\u2009021 Datenschutzerkl\u00e4rung \/ AGB Der Schutz und die Sicherheit von pers\u00f6nlichen Daten hat bei uns eine hohe Priorit\u00e4t. [&hellip;]","og_url":"https:\/\/klarasfusspflege.com\/en\/impressum-datenschutzerklaerung-agb\/","og_site_name":"Klaras Fusspflege","article_publisher":"https:\/\/www.facebook.com\/share\/18RgAY9kF9\/?mibextid=wwXIfr","article_modified_time":"2026-03-23T20:27:37+00:00","twitter_card":"summary_large_image","schema":{"@context":"https:\/\/schema.org","@graph":[{"@type":"WebPage","@id":"https:\/\/klarasfusspflege.com\/impressum-datenschutzerklaerung-agb\/","url":"https:\/\/klarasfusspflege.com\/impressum-datenschutzerklaerung-agb\/","name":"Impressum datenschutzerklaerung agb - Klaras Fusspflege","isPartOf":{"@id":"https:\/\/klarasfusspflege.com\/#website"},"datePublished":"2026-03-23T20:17:33+00:00","dateModified":"2026-03-23T20:27:37+00:00","breadcrumb":{"@id":"https:\/\/klarasfusspflege.com\/impressum-datenschutzerklaerung-agb\/#breadcrumb"},"inLanguage":"en-GB","potentialAction":[{"@type":"ReadAction","target":["https:\/\/klarasfusspflege.com\/impressum-datenschutzerklaerung-agb\/"]}]},{"@type":"BreadcrumbList","@id":"https:\/\/klarasfusspflege.com\/impressum-datenschutzerklaerung-agb\/#breadcrumb","itemListElement":[{"@type":"ListItem","position":1,"name":"Home","item":"https:\/\/klarasfusspflege.com\/"},{"@type":"ListItem","position":2,"name":"Impressum datenschutzerklaerung agb"}]},{"@type":"WebSite","@id":"https:\/\/klarasfusspflege.com\/#website","url":"https:\/\/klarasfusspflege.com\/","name":"Klaras Fusspflege","description":"","publisher":{"@id":"https:\/\/klarasfusspflege.com\/#\/schema\/person\/db294c168d9a9cb24edc2e69f3e8c487"},"potentialAction":[{"@type":"SearchAction","target":{"@type":"EntryPoint","urlTemplate":"https:\/\/klarasfusspflege.com\/?s={search_term_string}"},"query-input":{"@type":"PropertyValueSpecification","valueRequired":true,"valueName":"search_term_string"}}],"inLanguage":"en-GB"},{"@type":["Person","Organization"],"@id":"https:\/\/klarasfusspflege.com\/#\/schema\/person\/db294c168d9a9cb24edc2e69f3e8c487","name":"klarasfusspflege","image":{"@type":"ImageObject","inLanguage":"en-GB","@id":"https:\/\/klarasfusspflege.com\/wp-content\/uploads\/2026\/02\/Logo-Final-Klara-Fuboase-Dark.png","url":"https:\/\/klarasfusspflege.com\/wp-content\/uploads\/2026\/02\/Logo-Final-Klara-Fuboase-Dark.png","contentUrl":"https:\/\/klarasfusspflege.com\/wp-content\/uploads\/2026\/02\/Logo-Final-Klara-Fuboase-Dark.png","width":827,"height":356,"caption":"klarasfusspflege"},"logo":{"@id":"https:\/\/klarasfusspflege.com\/wp-content\/uploads\/2026\/02\/Logo-Final-Klara-Fuboase-Dark.png"},"sameAs":["https:\/\/www.facebook.com\/share\/18RgAY9kF9\/?mibextid=wwXIfr","https:\/\/www.instagram.com\/klarasfusspflege\/"]}]}},"_links":{"self":[{"href":"https:\/\/klarasfusspflege.com\/en\/wp-json\/wp\/v2\/pages\/4058","targetHints":{"allow":["GET"]}}],"collection":[{"href":"https:\/\/klarasfusspflege.com\/en\/wp-json\/wp\/v2\/pages"}],"about":[{"href":"https:\/\/klarasfusspflege.com\/en\/wp-json\/wp\/v2\/types\/page"}],"author":[{"embeddable":true,"href":"https:\/\/klarasfusspflege.com\/en\/wp-json\/wp\/v2\/users\/1"}],"replies":[{"embeddable":true,"href":"https:\/\/klarasfusspflege.com\/en\/wp-json\/wp\/v2\/comments?post=4058"}],"version-history":[{"count":3,"href":"https:\/\/klarasfusspflege.com\/en\/wp-json\/wp\/v2\/pages\/4058\/revisions"}],"predecessor-version":[{"id":4062,"href":"https:\/\/klarasfusspflege.com\/en\/wp-json\/wp\/v2\/pages\/4058\/revisions\/4062"}],"wp:attachment":[{"href":"https:\/\/klarasfusspflege.com\/en\/wp-json\/wp\/v2\/media?parent=4058"}],"curies":[{"name":"wp","href":"https:\/\/api.w.org\/{rel}","templated":true}]}}